{"id":26957,"date":"2026-04-23T22:02:14","date_gmt":"2026-04-23T22:02:14","guid":{"rendered":"https:\/\/eurotrade.hu\/jarmuvek\/iveco-daily-35s18h\/"},"modified":"2026-04-23T22:02:14","modified_gmt":"2026-04-23T22:02:14","slug":"iveco-daily-35s18h","status":"publish","type":"product","link":"https:\/\/eurotrade.hu\/de\/jarmuvek\/iveco-daily-35s18h\/","title":{"rendered":"IVECO &#8211; DAILY 35S18H"},"content":{"rendered":"<p>Aut\u00f3sz\u00e1ll\u00edt\u00f3 fel\u00e9p\u00edtm\u00e9nnyel szerelt 35S18, 180 Le 3,0cm3 motor, 3,5 tonna vontathat\u00f3s\u00e1g.<br \/>\nKl\u00edma, tempomat, bluetooth gy\u00e1ri r\u00e1di\u00f3, rug\u00f3z\u00f3 vezet\u0151\u00fcl\u00e9s, k\u00f6dl\u00e1mpa, tolat\u00f3radar, digit\u00e1lis m\u0171szerfal, utasoldali l\u00e9gzs\u00e1k, vezet\u00e9st\u00e1mogat\u00f3 rendszer, 3 \u00e9v garancia.<br \/>\nAz \u00e1r 395 Ft\/ \u20ac \u00e1rfolyamon sz\u00e1molva, \u00e1rfolyamv\u00e1ltoz\u00e1sb\u00f3l, felszerelts\u00e9gbeli k\u00fcl\u00f6mbs\u00e9gb\u0151l illetve gy\u00e1rt\u00f3i \u00e1remel\u00e9b\u0151l ered\u0151 \u00e1rv\u00e1ltoz\u00e1s jog\u00e1t fenntartjuk. Tel.: +36204130128<\/p>\n","protected":false},"excerpt":{"rendered":"<p>4100 mm\u00a0<\/p>\n","protected":false},"featured_media":26958,"template":"","meta":{"_acf_changed":false},"product_cat":[58],"product_tag":[],"class_list":{"0":"post-26957","1":"product","2":"type-product","3":"status-publish","4":"has-post-thumbnail","6":"product_cat-tgk-7-5-tonna-alatt","7":"pa_allapot-uj-jarmu","8":"pa_e-misszios-norma-euro-vi","9":"pa_ertekesitesi-kategoria-iveco-uj","10":"pa_felepitmeny-autoszallito","11":"pa_gyarto-iveco","12":"pa_hajtaskeplet-4x2","13":"pa_sebesseg-valto-mechanikus","14":"pa_statusz-n-a","15":"pa_szin-feher","16":"pa_tarolasi-hely-gyarto","17":"pa_tulajdonviszony-eurotrade-rendelt","18":"pa_uzemanyag-diesel","20":"first","21":"instock","22":"purchasable","23":"product-type-simple"},"acf":[],"_links":{"self":[{"href":"https:\/\/eurotrade.hu\/de\/wp-json\/wp\/v2\/product\/26957"}],"collection":[{"href":"https:\/\/eurotrade.hu\/de\/wp-json\/wp\/v2\/product"}],"about":[{"href":"https:\/\/eurotrade.hu\/de\/wp-json\/wp\/v2\/types\/product"}],"wp:featuredmedia":[{"embeddable":true,"href":"https:\/\/eurotrade.hu\/de\/wp-json\/wp\/v2\/media\/26958"}],"wp:attachment":[{"href":"https:\/\/eurotrade.hu\/de\/wp-json\/wp\/v2\/media?parent=26957"}],"wp:term":[{"taxonomy":"product_cat","embeddable":true,"href":"https:\/\/eurotrade.hu\/de\/wp-json\/wp\/v2\/product_cat?post=26957"},{"taxonomy":"product_tag","embeddable":true,"href":"https:\/\/eurotrade.hu\/de\/wp-json\/wp\/v2\/product_tag?post=26957"}],"curies":[{"name":"wp","href":"https:\/\/api.w.org\/{rel}","templated":true}]}}