{"id":27074,"date":"2026-04-23T22:02:16","date_gmt":"2026-04-23T22:02:16","guid":{"rendered":"https:\/\/eurotrade.hu\/jarmuvek\/iveco-daily-35c18h-6\/"},"modified":"2026-04-23T22:02:16","modified_gmt":"2026-04-23T22:02:16","slug":"iveco-daily-35c18h-4","status":"publish","type":"product","link":"https:\/\/eurotrade.hu\/de\/jarmuvek\/iveco-daily-35c18h-4\/","title":{"rendered":"IVECO &#8211; DAILY 35C18H"},"content":{"rendered":"<p>IVECO 35C18H BILLENCS 3 oldalra, 4,2m hossz\u00fa, 6 tonn\u00e1s hidraulika,<br \/>\nA nett\u00f3 v\u00e9tel\u00e1r 395 Ft\/ EURO \u00e1rfolyamon sz\u00e1m\u00edtva. \u00c1rfolyamv\u00e1ltoz\u00e1s eset\u00e9n az \u00e1rfolyamk\u00fcl\u00f6mb\u00f6zetet \u00e9rv\u00e9nyes\u00edtj\u00fck.<\/p>\n<p>Finansz\u00edroz\u00e1s 5% THM -mel Forint alapon. Gyors \u00e1tad\u00e1s!<\/p>\n<p>Felszerelts\u00e9g: <\/p>\n<p>COMFORT<br \/>\n07196\t170 CC L\u00c9GKOND\u00cdCION\u00c1L\u00d3 KOMPRESSZOR<br \/>\n76104\tMANU\u00c1LIS L\u00c9GKOND\u00cdCION\u00c1L\u00d3<br \/>\n01606\tTOUCH RADIO 7 INCHES<br \/>\n01619\tUSB MODULE DRIVER SIDE<br \/>\n02463\tSEBESS\u00c9GTART\u00d3 AUTOMATIKA<br \/>\n06555\tK\u00d6DL\u00c1MP\u00c1K<br \/>\nEgy\u00e9b<br \/>\n00726\tALV\u00c1Z ALATTI P\u00d3TKER\u00c9KTART\u00d3<br \/>\n00259\tDRIVER SUSPENDED COMFORT SEAT (WITH ARMREST AND LUMBAR ADJUSTMENT)<br \/>\n79336\tELS\u0150 H\u0170T\u0150R\u00c1CS KR\u00d3M BET\u00c9TEKKEL<br \/>\n02210\tP\u00d3TKER\u00c9K<br \/>\n01565\tFUEL TANK 86L<br \/>\n06094\tH\u00c1TS\u00d3 F\u00c9LELLIPTIKUS RUG\u00d3K R\u00c1SEG\u00cdT\u00c9SSEL<br \/>\n73024\tVISSZAPILLANT\u00d3 T\u00dcKR\u00d6K (2.350 MM SZ\u00c9LES)<br \/>\n06520\t13 P\u00d3LUSOS ELEKTROMOS CSATLAKOZ\u00d3<br \/>\n05925\tKIEG\u00c9SZ\u00cdT\u0150 SEBESS\u00c9GSZAB\u00c1LYZ\u00c1S<br \/>\n05534\tELS\u0150SEG\u00c9LY DOBOZ<br \/>\n06724\tSPECI\u00c1LIS MEGER\u0150S\u00cdT\u00c9SEK<br \/>\n20661\tGUMIABRONCS 195\/75R16<\/p>\n<p>Von\u00f3horog opci\u00f3ban rendelhet\u0151!<\/p>\n<p>B\u00e1rmilyen k\u00e9rd\u00e9ssel kapcsolatban \u00f6r\u00f6mmel \u00e1llunk rendelkez\u00e9s\u00e9re! Tel.: 20\/4130128<\/p>\n","protected":false},"excerpt":{"rendered":"<p>3750 mm MY24\u00a0<\/p>\n","protected":false},"featured_media":27075,"template":"","meta":{"_acf_changed":false},"product_cat":[58],"product_tag":[],"class_list":{"0":"post-27074","1":"product","2":"type-product","3":"status-publish","4":"has-post-thumbnail","6":"product_cat-tgk-7-5-tonna-alatt","7":"pa_allapot-uj-jarmu","8":"pa_e-misszios-norma-euro-vi","9":"pa_ertekesitesi-kategoria-iveco-uj","10":"pa_felepitmeny-harom-oldalra-billeno","11":"pa_gyarto-iveco","12":"pa_hajtaskeplet-4x2","13":"pa_sebesseg-valto-mechanikus","14":"pa_statusz-n-a","15":"pa_szin-feher","16":"pa_tarolasi-hely-m1tc","17":"pa_tulajdonviszony-eurotrade-sajat","18":"pa_uzemanyag-diesel","20":"first","21":"instock","22":"purchasable","23":"product-type-simple"},"acf":[],"_links":{"self":[{"href":"https:\/\/eurotrade.hu\/de\/wp-json\/wp\/v2\/product\/27074"}],"collection":[{"href":"https:\/\/eurotrade.hu\/de\/wp-json\/wp\/v2\/product"}],"about":[{"href":"https:\/\/eurotrade.hu\/de\/wp-json\/wp\/v2\/types\/product"}],"wp:featuredmedia":[{"embeddable":true,"href":"https:\/\/eurotrade.hu\/de\/wp-json\/wp\/v2\/media\/27075"}],"wp:attachment":[{"href":"https:\/\/eurotrade.hu\/de\/wp-json\/wp\/v2\/media?parent=27074"}],"wp:term":[{"taxonomy":"product_cat","embeddable":true,"href":"https:\/\/eurotrade.hu\/de\/wp-json\/wp\/v2\/product_cat?post=27074"},{"taxonomy":"product_tag","embeddable":true,"href":"https:\/\/eurotrade.hu\/de\/wp-json\/wp\/v2\/product_tag?post=27074"}],"curies":[{"name":"wp","href":"https:\/\/api.w.org\/{rel}","templated":true}]}}