{"id":28614,"date":"2026-04-23T22:02:10","date_gmt":"2026-04-23T22:02:10","guid":{"rendered":"https:\/\/eurotrade.hu\/jarmuvek\/byd-etp3-tesztauto\/"},"modified":"2026-04-23T22:02:11","modified_gmt":"2026-04-23T22:02:11","slug":"byd-etp3-tesztauto","status":"publish","type":"product","link":"https:\/\/eurotrade.hu\/de\/jarmuvek\/byd-etp3-tesztauto\/","title":{"rendered":"BYD &#8211; ETP3 &#8211; TESZTAUT\u00d3!!"},"content":{"rendered":"<p>fORGALOMBA HELYEZETT TESZTAUT\u00d3, ez\u00e9rt NEM P\u00c1LY\u00c1ZHAT\u00d3!!!<br \/>\nTesztaut\u00f3, napi haszn\u00e1latban. A futott km v\u00e1ltozhat! Jelenleg kb.16e!<\/p>\n","protected":false},"excerpt":{"rendered":"<p>Z\u00c1RT FURGON\u00a0<\/p>\n","protected":false},"featured_media":23630,"template":"","meta":{"_acf_changed":false},"product_cat":[58],"product_tag":[],"class_list":{"0":"post-28614","1":"product","2":"type-product","3":"status-publish","4":"has-post-thumbnail","6":"product_cat-tgk-7-5-tonna-alatt","7":"pa_allapot-uj-jarmu","8":"pa_ertekesitesi-kategoria-egyeb-uj","9":"pa_felepitmeny-furgon","10":"pa_gyarto-byd","11":"pa_sebesseg-valto-automata","12":"pa_statusz-atvettszallitotol","13":"pa_szin-feher","14":"pa_tarolasi-hely-m1tc","15":"pa_tulajdonviszony-eurotrade-sajat","16":"pa_uzemanyag-elektromos","18":"first","19":"instock","20":"purchasable","21":"product-type-simple"},"acf":[],"_links":{"self":[{"href":"https:\/\/eurotrade.hu\/de\/wp-json\/wp\/v2\/product\/28614"}],"collection":[{"href":"https:\/\/eurotrade.hu\/de\/wp-json\/wp\/v2\/product"}],"about":[{"href":"https:\/\/eurotrade.hu\/de\/wp-json\/wp\/v2\/types\/product"}],"wp:featuredmedia":[{"embeddable":true,"href":"https:\/\/eurotrade.hu\/de\/wp-json\/wp\/v2\/media\/23630"}],"wp:attachment":[{"href":"https:\/\/eurotrade.hu\/de\/wp-json\/wp\/v2\/media?parent=28614"}],"wp:term":[{"taxonomy":"product_cat","embeddable":true,"href":"https:\/\/eurotrade.hu\/de\/wp-json\/wp\/v2\/product_cat?post=28614"},{"taxonomy":"product_tag","embeddable":true,"href":"https:\/\/eurotrade.hu\/de\/wp-json\/wp\/v2\/product_tag?post=28614"}],"curies":[{"name":"wp","href":"https:\/\/api.w.org\/{rel}","templated":true}]}}