{"id":8039,"date":"2026-04-23T22:02:05","date_gmt":"2026-04-23T22:02:05","guid":{"rendered":"https:\/\/eurotrade.hu\/jarmuvek\/wielton-acel-vashulladek-szallito\/"},"modified":"2026-04-23T22:02:05","modified_gmt":"2026-04-23T22:02:05","slug":"wielton-acel-vashulladek-szallito-51m3","status":"publish","type":"product","link":"https:\/\/eurotrade.hu\/de\/jarmuvek\/wielton-acel-vashulladek-szallito-51m3\/","title":{"rendered":"Wielton &#8211; Ac\u00e9l vashullad\u00e9k sz\u00e1ll\u00edt\u00f3 51m3"},"content":{"rendered":"<p>SAF tengely, HYVA hidraulika, Hardox ac\u00e9l fel\u00e9p\u00edtm\u00e9ny, 51-55-62m3 t\u00e9rfogat<\/p>\n","protected":false},"excerpt":{"rendered":"<p>51\u00a0<\/p>\n","protected":false},"featured_media":28685,"template":"","meta":{"_acf_changed":false},"product_cat":[24],"product_tag":[],"class_list":{"0":"post-8039","1":"product","2":"type-product","3":"status-publish","4":"has-post-thumbnail","6":"product_cat-felpotkocsi","7":"pa_allapot-uj-jarmu","8":"pa_ertekesitesi-kategoria-wielton-uj","9":"pa_felepitmeny-billenos","10":"pa_gyarto-wielton","11":"pa_sebesseg-valto-n-a","12":"pa_statusz-n-a","13":"pa_szin-szurke","14":"pa_tarolasi-hely-n-a","15":"pa_tulajdonviszony-rendelheto","16":"pa_uzemanyag-n-a","18":"first","19":"instock","20":"purchasable","21":"product-type-simple"},"acf":[],"_links":{"self":[{"href":"https:\/\/eurotrade.hu\/de\/wp-json\/wp\/v2\/product\/8039"}],"collection":[{"href":"https:\/\/eurotrade.hu\/de\/wp-json\/wp\/v2\/product"}],"about":[{"href":"https:\/\/eurotrade.hu\/de\/wp-json\/wp\/v2\/types\/product"}],"wp:featuredmedia":[{"embeddable":true,"href":"https:\/\/eurotrade.hu\/de\/wp-json\/wp\/v2\/media\/28685"}],"wp:attachment":[{"href":"https:\/\/eurotrade.hu\/de\/wp-json\/wp\/v2\/media?parent=8039"}],"wp:term":[{"taxonomy":"product_cat","embeddable":true,"href":"https:\/\/eurotrade.hu\/de\/wp-json\/wp\/v2\/product_cat?post=8039"},{"taxonomy":"product_tag","embeddable":true,"href":"https:\/\/eurotrade.hu\/de\/wp-json\/wp\/v2\/product_tag?post=8039"}],"curies":[{"name":"wp","href":"https:\/\/api.w.org\/{rel}","templated":true}]}}