{"id":26620,"date":"2026-04-23T10:00:18","date_gmt":"2026-04-23T10:00:18","guid":{"rendered":"https:\/\/eurotrade.hu\/jarmuvek\/iveco-daily-35c18h-2\/"},"modified":"2026-04-23T10:00:18","modified_gmt":"2026-04-23T10:00:18","slug":"iveco-daily-35c18h-2","status":"publish","type":"product","link":"https:\/\/eurotrade.hu\/en\/jarmuvek\/iveco-daily-35c18h-2\/","title":{"rendered":"IVECO &#8211; DAILY 35C18H"},"content":{"rendered":"<p>K\u00e9szletr\u0151l MY24 friss gy\u00e1rt\u00e1s\u00fa modellek! 30% -t\u00f3l elvihet\u0151 5% THM finansz\u00edroz\u00e1ssal. A kisteheraut\u00f3 piacon a legmegb\u00edzhat\u00f3bb modell! Alv\u00e1zaink b\u00e1rmilyen fel\u00e9p\u00edtm\u00e9nnyel k\u00e9rhet\u0151ek, plat\u00f3s, ponyv\u00e1s, alu illetve szigetelt dobozos, h\u0171t\u0151s, emel\u0151h\u00e1tfalas, aut\u00f3sz\u00e1ll\u00edt\u00f3, emel\u0151kosaras stb. Az aut\u00f3inkhoz 2 \u00e9v Km korl\u00e1toz\u00e1s n\u00e9lk\u00fcli vagy 3 \u00e9v 120 000 Km gy\u00e1ri garancia tartozik. Egyes modellekhez aj\u00e1nd\u00e9k 3 \u00e9v karbantart\u00e1s j\u00e1r. Az \u00e1r 390.- Ft\/ \u00e1ron lett meghat\u00e1rozva. Elt\u00e9r\u0151 \u00e1rfolyam eset\u00e9n az \u00e1r m\u00f3dosul. R\u00e9szletek\u00e9rt \u00e9s tov\u00e1bbi kedvezm\u00e9nyek\u00e9rt keressen minket bizalommal, k\u00e9rjen egyedi szem\u00e9lyre szabott \u00e1raj\u00e1nlatot. Tel.: 20\/413-0128<\/p>\n","protected":false},"excerpt":{"rendered":"<p>4100 mm\u00a0<\/p>\n","protected":false},"featured_media":26621,"template":"","meta":{"_acf_changed":false},"product_cat":[58],"product_tag":[],"class_list":{"0":"post-26620","1":"product","2":"type-product","3":"status-publish","4":"has-post-thumbnail","6":"product_cat-tgk-7-5-tonna-alatt","7":"pa_allapot-uj-jarmu","8":"pa_e-misszios-norma-euro-vi","9":"pa_ertekesitesi-kategoria-iveco-uj","10":"pa_felepitmeny-jarokepes-alvaz","11":"pa_gyarto-iveco","12":"pa_sebesseg-valto-mechanikus","13":"pa_statusz-n-a","14":"pa_szin-szurke","15":"pa_tarolasi-hely-m1tc","16":"pa_tulajdonviszony-eurotrade-rendelt","17":"pa_uzemanyag-diesel","19":"first","20":"instock","21":"purchasable","22":"product-type-simple"},"acf":[],"_links":{"self":[{"href":"https:\/\/eurotrade.hu\/en\/wp-json\/wp\/v2\/product\/26620"}],"collection":[{"href":"https:\/\/eurotrade.hu\/en\/wp-json\/wp\/v2\/product"}],"about":[{"href":"https:\/\/eurotrade.hu\/en\/wp-json\/wp\/v2\/types\/product"}],"wp:featuredmedia":[{"embeddable":true,"href":"https:\/\/eurotrade.hu\/en\/wp-json\/wp\/v2\/media\/26621"}],"wp:attachment":[{"href":"https:\/\/eurotrade.hu\/en\/wp-json\/wp\/v2\/media?parent=26620"}],"wp:term":[{"taxonomy":"product_cat","embeddable":true,"href":"https:\/\/eurotrade.hu\/en\/wp-json\/wp\/v2\/product_cat?post=26620"},{"taxonomy":"product_tag","embeddable":true,"href":"https:\/\/eurotrade.hu\/en\/wp-json\/wp\/v2\/product_tag?post=26620"}],"curies":[{"name":"wp","href":"https:\/\/api.w.org\/{rel}","templated":true}]}}