{"id":26972,"date":"2026-04-23T22:02:07","date_gmt":"2026-04-23T22:02:07","guid":{"rendered":"https:\/\/eurotrade.hu\/jarmuvek\/iveco-daily-50c18hz\/"},"modified":"2026-04-23T22:02:07","modified_gmt":"2026-04-23T22:02:07","slug":"iveco-daily-50c18hz","status":"publish","type":"product","link":"https:\/\/eurotrade.hu\/en\/jarmuvek\/iveco-daily-50c18hz\/","title":{"rendered":"IVECO &#8211; DAILY 50C18HZ"},"content":{"rendered":"<p>Kl\u00e9szletr\u0151l IVECO DAILY 50C18 3,5t \u00f6sszt\u00f6meggel.<\/p>\n<p>02463 &#8211; SEBESS\u00c9GTART\u00d3 AUTOMATIKA<br \/>\n02714 &#8211; F\u0170THET\u0150, ELEKTROMOSAN \u00c1LL\u00cdTHAT\u00d3 K\u00dcLS\u0150 T\u00dcKR\u00d6K<br \/>\n06650 &#8211; AUTOMATA L\u00c9GKOND\u00cdCION\u00c1L\u00d3<br \/>\n79246 &#8211; DIGIT\u00c1LIS BLUETOOTH R\u00c1DI\u00d3 (DAB) BE\u00c9P\u00cdTETT FUNKCI\u00d3KKAL<br \/>\n73198 &#8211; T\u00c1VIR\u00c1NY\u00cdT\u00c1SOS MOTORIND\u00cdT\u00c1S<br \/>\n02912 &#8211; S\u00c1VELHAGY\u00c1SRA FIGYELMEZTET\u0150 RENDSZER<br \/>\n00693 &#8211; ELEKTROMOS ABLAKOK<br \/>\n02307 &#8211; AC\u00c9L KER\u00c9KT\u00c1RCS\u00c1K<br \/>\n06536 &#8211; T\u00c1VIR\u00c1NY\u00cdT\u00c1SOS K\u00d6ZPONTIZ\u00c1R<br \/>\n72623 &#8211; SZ\u00cdNES TFT M\u0170SZERFAL KIJELZ\u0150 (KM\/H)<br \/>\n06163 &#8211; 90L \u00dcZEMANYAG TART\u00c1LY<br \/>\n79250 &#8211; 20 L ADBLUE TART\u00c1LY A F\u00dcLKE PADL\u00d3LEMEZ ALATT<\/p>\n","protected":false},"excerpt":{"rendered":"<p>4750 mm\u00a0<\/p>\n","protected":false},"featured_media":34705,"template":"","meta":{"_acf_changed":false},"product_cat":[58],"product_tag":[],"class_list":{"0":"post-26972","1":"product","2":"type-product","3":"status-publish","4":"has-post-thumbnail","6":"product_cat-tgk-7-5-tonna-alatt","7":"pa_allapot-uj-jarmu","8":"pa_e-misszios-norma-euro-vi","9":"pa_ertekesitesi-kategoria-iveco-uj","10":"pa_felepitmeny-jarokepes-alvaz","11":"pa_gyarto-iveco","12":"pa_hajtaskeplet-4x2","13":"pa_sebesseg-valto-mechanikus","14":"pa_statusz-n-a","15":"pa_szin-feher","16":"pa_tarolasi-hely-m1tc","17":"pa_tulajdonviszony-eurotrade-rendelt","18":"pa_uzemanyag-diesel","20":"first","21":"instock","22":"purchasable","23":"product-type-simple"},"acf":[],"_links":{"self":[{"href":"https:\/\/eurotrade.hu\/en\/wp-json\/wp\/v2\/product\/26972"}],"collection":[{"href":"https:\/\/eurotrade.hu\/en\/wp-json\/wp\/v2\/product"}],"about":[{"href":"https:\/\/eurotrade.hu\/en\/wp-json\/wp\/v2\/types\/product"}],"wp:featuredmedia":[{"embeddable":true,"href":"https:\/\/eurotrade.hu\/en\/wp-json\/wp\/v2\/media\/34705"}],"wp:attachment":[{"href":"https:\/\/eurotrade.hu\/en\/wp-json\/wp\/v2\/media?parent=26972"}],"wp:term":[{"taxonomy":"product_cat","embeddable":true,"href":"https:\/\/eurotrade.hu\/en\/wp-json\/wp\/v2\/product_cat?post=26972"},{"taxonomy":"product_tag","embeddable":true,"href":"https:\/\/eurotrade.hu\/en\/wp-json\/wp\/v2\/product_tag?post=26972"}],"curies":[{"name":"wp","href":"https:\/\/api.w.org\/{rel}","templated":true}]}}