{"id":26979,"date":"2026-04-23T22:02:15","date_gmt":"2026-04-23T22:02:15","guid":{"rendered":"https:\/\/eurotrade.hu\/jarmuvek\/iveco-daily-35c18h-4\/"},"modified":"2026-04-23T22:02:15","modified_gmt":"2026-04-23T22:02:15","slug":"iveco-daily-35c18h-3","status":"publish","type":"product","link":"https:\/\/eurotrade.hu\/en\/jarmuvek\/iveco-daily-35c18h-3\/","title":{"rendered":"IVECO &#8211; DAILY 35C18H"},"content":{"rendered":"<p>IVECO DAILY 35C18 duplakerekes alv\u00e1z + 4850 x 2100 x 2200 mm bels\u0151 m\u00e9ret\u0171 plat\u00f3 &#8211; ponyva -l\u00e9gterel\u0151 fel\u00e9p\u00edtm\u00e9nnyel. 3 \u00e9v teljesk\u00f6r\u0171 garancia.. 3,0  motor 180 l\u00f3er\u0151.<br \/>\nKiemelt extr\u00e1k: Kl\u00edma, rugoz\u00f3 karf\u00e1s der\u00e9kt\u00e1maszos vezet\u0151\u00fcl\u00e9s, bluetoothr gy\u00e1ri r\u00e1di\u00f3, tempomat, k\u00f6dl\u00e1mpa, sz\u00e9les\u00edtett t\u00fck\u00f6rsz\u00e1rak.  Alapfelszerelts\u00e9g: jobb \u00e9s bal l\u00e9gzs\u00e1k, digit\u00e1lis m\u0171szerfal, vezet\u00e9st\u00e1mogat\u00f3 rendszer, elektromos ablakok, t\u00e1vir\u00e1ny\u00edt\u00e1s\u00fa k\u00f6zpontiz\u00e1s, dupla utas\u00fcl\u00e9s&#8230;&#8230;.<br \/>\nAz \u00e1r 395 Ft \/ EURO \u00e1ron van megadva. \u00c1rfolyamv\u00e1ltoz\u00e1s eset\u00e9n az \u00e1r v\u00e1ltozhat. \u00d6r\u00f6mmel \u00e1llunk rendelkez\u00e9s\u00e9re! Tel.:20\/4130128<\/p>\n","protected":false},"excerpt":{"rendered":"<p>4100 mm\u00a0<\/p>\n","protected":false},"featured_media":26980,"template":"","meta":{"_acf_changed":false},"product_cat":[58],"product_tag":[],"class_list":{"0":"post-26979","1":"product","2":"type-product","3":"status-publish","4":"has-post-thumbnail","6":"product_cat-tgk-7-5-tonna-alatt","7":"pa_allapot-uj-jarmu","8":"pa_e-misszios-norma-euro-vi","9":"pa_ertekesitesi-kategoria-iveco-uj","10":"pa_felepitmeny-plato-ponyva","11":"pa_gyarto-iveco","12":"pa_hajtaskeplet-4x2","13":"pa_sebesseg-valto-mechanikus","14":"pa_statusz-n-a","15":"pa_szin-feher","16":"pa_tarolasi-hely-gyarto","17":"pa_tulajdonviszony-eurotrade-rendelt","18":"pa_uzemanyag-diesel","20":"first","21":"instock","22":"purchasable","23":"product-type-simple"},"acf":[],"_links":{"self":[{"href":"https:\/\/eurotrade.hu\/en\/wp-json\/wp\/v2\/product\/26979"}],"collection":[{"href":"https:\/\/eurotrade.hu\/en\/wp-json\/wp\/v2\/product"}],"about":[{"href":"https:\/\/eurotrade.hu\/en\/wp-json\/wp\/v2\/types\/product"}],"wp:featuredmedia":[{"embeddable":true,"href":"https:\/\/eurotrade.hu\/en\/wp-json\/wp\/v2\/media\/26980"}],"wp:attachment":[{"href":"https:\/\/eurotrade.hu\/en\/wp-json\/wp\/v2\/media?parent=26979"}],"wp:term":[{"taxonomy":"product_cat","embeddable":true,"href":"https:\/\/eurotrade.hu\/en\/wp-json\/wp\/v2\/product_cat?post=26979"},{"taxonomy":"product_tag","embeddable":true,"href":"https:\/\/eurotrade.hu\/en\/wp-json\/wp\/v2\/product_tag?post=26979"}],"curies":[{"name":"wp","href":"https:\/\/api.w.org\/{rel}","templated":true}]}}