{"id":28298,"date":"2026-04-23T22:02:11","date_gmt":"2026-04-23T22:02:11","guid":{"rendered":"https:\/\/eurotrade.hu\/jarmuvek\/iveco-eurocargo-ml180e28-2\/"},"modified":"2026-04-23T22:02:11","modified_gmt":"2026-04-23T22:02:11","slug":"iveco-eurocargo-ml180e28-mlc-4185-mm-gif-modul","status":"publish","type":"product","link":"https:\/\/eurotrade.hu\/en\/jarmuvek\/iveco-eurocargo-ml180e28-mlc-4185-mm-gif-modul\/","title":{"rendered":"IVECO &#8211; EUROCARGO ML180E28 MLC 4185 mm GIF Modul"},"content":{"rendered":"<p>Kiv\u00e1lasztott opci\u00f3k<br \/>\n02182\tBAL OLDALI KIPUFOG\u00d3CS\u0150<br \/>\n05031\t170 AH AKKUMUL\u00c1TOR<br \/>\n08092\tT\u00c1VIR\u00c1NY\u00cdT\u00c1SOS K\u00d6ZPONTIZ\u00c1R<br \/>\n02463\tSEBESS\u00c9GTART\u00d3 AUTOMATIKA<br \/>\n07747\tK\u00d6NNYEN TISZT\u00cdTH. KABIN K\u00c1RPIT<br \/>\n73225\tDAB BLUETOOTH R\u00c1DI\u00d3<br \/>\n00640\tMANU\u00c1LIS TET\u0150ABLAK<br \/>\n02650\tMANU\u00c1LIS L\u00c9GKOND\u00cdCION\u00c1L\u00d3<br \/>\n01540\tS\u00c1RGA LED TET\u0150VILL\u00d3G\u00d3 2DB<br \/>\n00744\tF\u00dcLKE H\u00c1TS\u00d3 ABLAKOK<br \/>\n05049\tPTO HYDROCAR MELL\u00c9KHAJT\u00c1S 88Z1<br \/>\n04572\tEXPANZI\u00d3S MODUL MELL\u00c9KHAJT\u00c1SHOZ\t00724\tP\u00d3TKER\u00c9KTART\u00d3 N\u00c9LK\u00dcLI KIVITEL\t\t20231          GUMIABRONCS 315\/80R22.5 TRACTION REAR<br \/>\nFel\u00e9p\u00edtm\u00e9ny:<br \/>\nH\u00e1rom oldalra billen\u0151 plat\u00f3 4200x2480x500 mm<br \/>\nF\u00fclke m\u00f6g\u00f6tti FASSI F160A \u00d6nrakod\u00f3 daru<br \/>\nEmel\u0151k\u00e9pess\u00e9g 14,58 tm<br \/>\nFel\u00e9p\u00edtm\u00e9ny:<br \/>\nGy\u00e1rtm\u00e1ny: N\/A Anyaga:N\/A<\/p>\n","protected":false},"excerpt":{"rendered":"<p>Fassi Daru + billen\u0151plat\u00f3\u00a0<\/p>\n","protected":false},"featured_media":28686,"template":"","meta":{"_acf_changed":false},"product_cat":[55],"product_tag":[],"class_list":{"0":"post-28298","1":"product","2":"type-product","3":"status-publish","4":"has-post-thumbnail","6":"product_cat-tgk-7-5-tonna-folott","7":"pa_allapot-uj-jarmu","8":"pa_e-misszios-norma-euro-vi","9":"pa_ertekesitesi-kategoria-iveco-uj","10":"pa_felepitmeny-plato","11":"pa_gyarto-iveco","12":"pa_hajtaskeplet-4x2","13":"pa_sebesseg-valto-automata","14":"pa_statusz-szamlazottbejovo","15":"pa_szin-feher","16":"pa_tarolasi-hely-m1tc","17":"pa_tulajdonviszony-eurotrade-sajat","18":"pa_uzemanyag-diesel","20":"first","21":"instock","22":"purchasable","23":"product-type-simple"},"acf":[],"_links":{"self":[{"href":"https:\/\/eurotrade.hu\/en\/wp-json\/wp\/v2\/product\/28298"}],"collection":[{"href":"https:\/\/eurotrade.hu\/en\/wp-json\/wp\/v2\/product"}],"about":[{"href":"https:\/\/eurotrade.hu\/en\/wp-json\/wp\/v2\/types\/product"}],"wp:featuredmedia":[{"embeddable":true,"href":"https:\/\/eurotrade.hu\/en\/wp-json\/wp\/v2\/media\/28686"}],"wp:attachment":[{"href":"https:\/\/eurotrade.hu\/en\/wp-json\/wp\/v2\/media?parent=28298"}],"wp:term":[{"taxonomy":"product_cat","embeddable":true,"href":"https:\/\/eurotrade.hu\/en\/wp-json\/wp\/v2\/product_cat?post=28298"},{"taxonomy":"product_tag","embeddable":true,"href":"https:\/\/eurotrade.hu\/en\/wp-json\/wp\/v2\/product_tag?post=28298"}],"curies":[{"name":"wp","href":"https:\/\/api.w.org\/{rel}","templated":true}]}}