{"id":28569,"date":"2026-04-23T22:02:16","date_gmt":"2026-04-23T22:02:16","guid":{"rendered":"https:\/\/eurotrade.hu\/jarmuvek\/iveco-daily-35s14-v-2\/"},"modified":"2026-04-23T22:02:17","modified_gmt":"2026-04-23T22:02:17","slug":"iveco-daily-35s14-v","status":"publish","type":"product","link":"https:\/\/eurotrade.hu\/en\/jarmuvek\/iveco-daily-35s14-v\/","title":{"rendered":"IVECO &#8211; DAILY 35S14 V"},"content":{"rendered":"<p>A legmegb\u00edzhat\u00f3bb kishaszonj\u00e1rm\u0171 motorral, korl\u00e1tlan Km garanci\u00e1val.<br \/>\nAKCI\u00d3S bevezet\u0151 \u00e1ron, t\u00f6bbf\u00e9le sz\u00ednben \u00e9s ak\u00e1r AUTOMATA v\u00e1lt\u00f3val is el\u00e9rhet\u0151!!! 3,5 % kamat!!! 3,5 tonna \u00f6sszt\u00f6meg, 3,5 tonn\u00e1s vontathat\u00f3s\u00e1g!!!<br \/>\nAz \u00e1r 400 Ft\/ \u20ac \u00e1rfolyamon megadva, \u00e1rfolyamv\u00e1ltoz\u00e1s eset\u00e9n az \u00e1r v\u00e1ltozhat.<br \/>\nVegye ig\u00e9nybe a 3,5% kamatoz\u00e1s\u00fa l\u00edzingkonstrukci\u00f3nkat.<br \/>\n4 EU paletta bel\u00e9s\u0151 m\u00e9ret 3560 mm hossz, 1900 mm magass\u00e1g, 1800 mm sz\u00e9less\u00e9g.<br \/>\nLimit\u00e1lt el\u00e9rhet\u0151 darabsz\u00e1m ezen az \u00e1ron! A k\u00e9pek illusztr\u00e1ci\u00f3k\u00e9nt szolg\u00e1lnak!<br \/>\nExtrafelszerelts\u00e9g:<\/p>\n<p>COMFORT<br \/>\n07196\t170 CC L\u00c9GKOND\u00cdCION\u00c1L\u00d3 KOMPRESSZOR<br \/>\n00258\tDRIVER COMFORT SEAT (WITH ARMREST AND LUMBAR ADJUSTMENT)<br \/>\n76104\tMANU\u00c1LIS L\u00c9GKOND\u00cdCION\u00c1L\u00d3<br \/>\n01606\tTOUCH RADIO 7 INCHES<br \/>\n01619\tUSB MODULE DRIVER SIDE<br \/>\n02463\tSEBESS\u00c9GTART\u00d3 AUTOMATIKA<br \/>\n06555\tK\u00d6DL\u00c1MP\u00c1K<br \/>\nKiv\u00e1lasztott opci\u00f3k<br \/>\n00726\tALV\u00c1Z ALATTI P\u00d3TKER\u00c9KTART\u00d3<br \/>\n02210\tP\u00d3TKER\u00c9K<br \/>\n05925\tKIEG\u00c9SZ\u00cdT\u0150 SEBESS\u00c9GSZAB\u00c1LYZ\u00c1S<br \/>\n20532\tGUMIABRONCS 225\/65R16 ECO<br \/>\n 86 literes \u00fczemanyagtart\u00e1ly<\/p>\n","protected":false},"excerpt":{"rendered":"<p>12 m3\u00a0<\/p>\n","protected":false},"featured_media":34677,"template":"","meta":{"_acf_changed":false},"product_cat":[58],"product_tag":[],"class_list":{"0":"post-28569","1":"product","2":"type-product","3":"status-publish","4":"has-post-thumbnail","6":"product_cat-tgk-7-5-tonna-alatt","7":"pa_allapot-uj-jarmu","8":"pa_e-misszios-norma-euro-vi","9":"pa_ertekesitesi-kategoria-iveco-uj","10":"pa_felepitmeny-furgon","11":"pa_gyarto-iveco","12":"pa_hajtaskeplet-4x2","13":"pa_sebesseg-valto-mechanikus","14":"pa_statusz-n-a","15":"pa_szin-feher","16":"pa_tarolasi-hely-gyarto","17":"pa_tulajdonviszony-eurotrade-rendelt","18":"pa_uzemanyag-diesel","20":"first","21":"instock","22":"purchasable","23":"product-type-simple"},"acf":[],"_links":{"self":[{"href":"https:\/\/eurotrade.hu\/en\/wp-json\/wp\/v2\/product\/28569"}],"collection":[{"href":"https:\/\/eurotrade.hu\/en\/wp-json\/wp\/v2\/product"}],"about":[{"href":"https:\/\/eurotrade.hu\/en\/wp-json\/wp\/v2\/types\/product"}],"wp:featuredmedia":[{"embeddable":true,"href":"https:\/\/eurotrade.hu\/en\/wp-json\/wp\/v2\/media\/34677"}],"wp:attachment":[{"href":"https:\/\/eurotrade.hu\/en\/wp-json\/wp\/v2\/media?parent=28569"}],"wp:term":[{"taxonomy":"product_cat","embeddable":true,"href":"https:\/\/eurotrade.hu\/en\/wp-json\/wp\/v2\/product_cat?post=28569"},{"taxonomy":"product_tag","embeddable":true,"href":"https:\/\/eurotrade.hu\/en\/wp-json\/wp\/v2\/product_tag?post=28569"}],"curies":[{"name":"wp","href":"https:\/\/api.w.org\/{rel}","templated":true}]}}