{"id":34631,"date":"2026-04-23T22:02:19","date_gmt":"2026-04-23T22:02:19","guid":{"rendered":"https:\/\/eurotrade.hu\/jarmuvek\/iveco-daily-35c18h-6\/"},"modified":"2026-04-23T22:02:19","modified_gmt":"2026-04-23T22:02:19","slug":"iveco-daily-35c18h-5","status":"publish","type":"product","link":"https:\/\/eurotrade.hu\/en\/jarmuvek\/iveco-daily-35c18h-5\/","title":{"rendered":"IVECO &#8211; DAILY 35C18H"},"content":{"rendered":"<p>3000 k\u00f6bcenzi, 180 l\u00f3er\u0151, 3,5 tonna vontat\u00e1s, 3% kamat.<br \/>\nAz \u00e1r 365Ft \/ EURO \u00e1ron lett meghat\u00e1rozva. Az \u00e1rfolyamv\u00e1ltoz\u00e1sb\u00f3l ered\u0151 \u00e1rv\u00e1ltoz\u00e1s job\u00e1t fenntartjuk.<\/p>\n<p>Az aut\u00f3 k\u00e9szletr\u0151l azonnal vihet\u0151!!!<\/p>\n<p> Felszerelts\u00e9g:<\/p>\n<p>COMFORT<br \/>\n01619\tUSB T\u00d6LT\u0150CSATLAKOZ\u00d3 VEZET\u0150OLDALON<br \/>\n01606\t\u00c9RINT\u0150K\u00c9PERNY\u0150S R\u00c1DI\u00d3 7 INCH<br \/>\n06555\tK\u00d6DL\u00c1MP\u00c1K<br \/>\n76104\tMANU\u00c1LIS L\u00c9GKOND\u00cdCION\u00c1L\u00d3<br \/>\n02463\tSEBESS\u00c9GTART\u00d3 AUTOMATIKA<br \/>\n07196\t170 CC L\u00c9GKOND\u00cdCION\u00c1L\u00d3 KOMPRESSZOR<br \/>\n00258\tKOMFORT VEZET\u0150\u00dcL\u00c9S, GERINC- \u00c9S KART\u00c1MASSZAL<br \/>\nCONSTRUCTION<br \/>\n77742\tF\u00dcLKEKAPASZKOD\u00d3 VEZET\u0150- \u00c9S UTASOLDALON<br \/>\n72813\tTRACTION PLUS \u00c9S LEJTMENET VEZ\u00c9RL\u00c9S<br \/>\n00190\tOLAJTEKN\u0150 V\u00c9DELEM<br \/>\n06094\tH\u00c1TS\u00d3 F\u00c9LELLIPTIKUS RUG\u00d3K R\u00c1SEG\u00cdT\u00c9SSEL<br \/>\n02210\tP\u00d3TKER\u00c9K<br \/>\n00744\tF\u00dcLKE H\u00c1TS\u00d3 ABLAKOK<br \/>\n00726\tALV\u00c1Z ALATTI P\u00d3TKER\u00c9KTART\u00d3<br \/>\nKIV\u00c1LASZTOTT FELSZERELTS\u00c9G<br \/>\n06520\t13-T\u0170S VONTATM\u00c1NY ELEKTROMOS CSATLAKOZ\u00d3<br \/>\n07820\tSFERA VON\u00d3HOROG D50 CEE 94\/20<br \/>\n01565\t\u00dcZEMANYAG TART\u00c1LY 86L<br \/>\n05925\tKIEG\u00c9SZ\u00cdT\u0150 SEBESS\u00c9GSZAB\u00c1LYZ\u00c1S<br \/>\n73000\tELEKTROHIDRAULIKUS H\u00c1ROM OLDALRA BILLEN\u0150 PLAT\u00d3 ALUM\u00cdNIUM OLDALFALAKKAL<br \/>\n72926\tLEVEHET\u0150 H\u00c1TS\u00d3 L\u00c9TRA TART\u00d3 KERET<br \/>\n05534\tELS\u0150SEG\u00c9LY DOBOZ<br \/>\n00259\tKOMFORT RUG\u00d3S VEZET\u0150\u00dcL\u00c9S, GERINC- \u00c9S KART\u00c1MASSZAL<br \/>\n79570\t\u00c1LLAND\u00d3 AKKUMUL\u00c1TOR T\u00d6LT\u00c9S (NEM SMART)<br \/>\n06724\tSPECI\u00c1LIS MEGER\u0150S\u00cdT\u00c9SEK<br \/>\n14502\tF\u00dcLKE V\u00c9D\u0150 CARGO FEL\u00c9P\u00cdTM\u00c9NYHEZ<br \/>\n14569\tFMS INTERFACE T\u00c1VLET\u00d6LT\u00c9SSEL<br \/>\nNYITOTT, H\u00c1ROM OLDALRA BILLENTHET\u0150 PLAT\u00d3S FEL\u00c9P\u00cdTM\u00c9NY<br \/>\nHossz\u00fas\u00e1g:\t3700 mm<br \/>\nSz\u00e9less\u00e9g:\t2100 mm<br \/>\nMagass\u00e1g:\t400 mm\t     <\/p>\n<p>Fel\u00e9p\u00edtm\u00e9ny: Anyaga:Alum\u00ednium Magass\u00e1ga:400 Sz\u00e9less\u00e9ge:2100 Hossza:3700<br \/>\nNYITOTT, H\u00c1ROM OLDALRA BILLENTHET\u0150 PLAT\u00d3S FEL\u00c9P\u00cdTM\u00c9NY<\/p>\n","protected":false},"excerpt":{"rendered":"<p>3 old. bill. gy\u00e1ri plat\u00f3\u00a0<\/p>\n","protected":false},"featured_media":34632,"template":"","meta":{"_acf_changed":false},"product_cat":[58],"product_tag":[],"class_list":{"0":"post-34631","1":"product","2":"type-product","3":"status-publish","4":"has-post-thumbnail","6":"product_cat-tgk-7-5-tonna-alatt","7":"pa_allapot-uj-jarmu","8":"pa_e-misszios-norma-euro-vi","9":"pa_ertekesitesi-kategoria-iveco-uj","10":"pa_felepitmeny-harom-oldalra-billeno","11":"pa_gyarto-iveco","12":"pa_hajtaskeplet-4x2","13":"pa_sebesseg-valto-mechanikus","14":"pa_statusz-n-a","15":"pa_szin-szurke","16":"pa_tarolasi-hely-m1tc","17":"pa_tulajdonviszony-n-a","18":"pa_uzemanyag-diesel","20":"first","21":"instock","22":"purchasable","23":"product-type-simple"},"acf":[],"_links":{"self":[{"href":"https:\/\/eurotrade.hu\/en\/wp-json\/wp\/v2\/product\/34631"}],"collection":[{"href":"https:\/\/eurotrade.hu\/en\/wp-json\/wp\/v2\/product"}],"about":[{"href":"https:\/\/eurotrade.hu\/en\/wp-json\/wp\/v2\/types\/product"}],"wp:featuredmedia":[{"embeddable":true,"href":"https:\/\/eurotrade.hu\/en\/wp-json\/wp\/v2\/media\/34632"}],"wp:attachment":[{"href":"https:\/\/eurotrade.hu\/en\/wp-json\/wp\/v2\/media?parent=34631"}],"wp:term":[{"taxonomy":"product_cat","embeddable":true,"href":"https:\/\/eurotrade.hu\/en\/wp-json\/wp\/v2\/product_cat?post=34631"},{"taxonomy":"product_tag","embeddable":true,"href":"https:\/\/eurotrade.hu\/en\/wp-json\/wp\/v2\/product_tag?post=34631"}],"curies":[{"name":"wp","href":"https:\/\/api.w.org\/{rel}","templated":true}]}}