{"id":34668,"date":"2026-04-09T10:02:11","date_gmt":"2026-04-09T10:02:11","guid":{"rendered":"https:\/\/eurotrade.hu\/jarmuvek\/iveco-daily-35c18ha8\/"},"modified":"2026-04-09T10:02:11","modified_gmt":"2026-04-09T10:02:11","slug":"iveco-daily-35c18ha8","status":"publish","type":"product","link":"https:\/\/eurotrade.hu\/en\/jarmuvek\/iveco-daily-35c18ha8\/","title":{"rendered":"IVECO &#8211; DAILY 35C18HA8"},"content":{"rendered":"<p>3,5 tonna \u00f6sszt\u00f6meg, ak\u00e1r 3,5t vontathat\u00f3s\u00e1g.<br \/>\nDuplakerekes rendk\u00edv\u0171l strapab\u00edr\u00f3 3,0 motorral szerelt 180 l\u00f3er\u0151s IVECO DAILY .<br \/>\nFel\u00e9p\u00edtm\u00e9ny: 4680 x 2150 x 2200mm bels\u0151 m\u00e9ret\u0171, alum\u00ednium v\u00e1zszerkezet\u0171, alum\u00ednium oldalfalas plat\u00f3, sz\u00fcrke sz\u00edn\u0171 ponyva 8 db rakom\u00e1nyr\u00f6gz\u00edt\u0151 f\u00fcl, l\u00e9gterel\u0151.<br \/>\nK\u00e9rd\u00e9s eset\u00e9n \u00e9s egyedi \u00e1raj\u00e1nlat\u00e9rt keressen bizalommal!<\/p>\n<p>Felszerelts\u00e9g al\u00e1bbiakban:<\/p>\n<p>COMFORT<br \/>\n07196\t170 CC L\u00c9GKOND\u00cdCION\u00c1L\u00d3 KOMPRESSZOR<br \/>\n00258\tDRIVER COMFORT SEAT (WITH ARMREST AND LUMBAR ADJUSTMENT)<br \/>\n76104\tMANU\u00c1LIS L\u00c9GKOND\u00cdCION\u00c1L\u00d3<br \/>\n01606\tTOUCH RADIO 7 INCHES<br \/>\n01619\tUSB MODULE DRIVER SIDE<br \/>\n02463\tSEBESS\u00c9GTART\u00d3 AUTOMATIKA<br \/>\n06555\tK\u00d6DL\u00c1MP\u00c1K<br \/>\nCONSTRUCTION<br \/>\n06094\tH\u00c1TS\u00d3 F\u00c9LELLIPTIKUS RUG\u00d3K R\u00c1SEG\u00cdT\u00c9SSEL<br \/>\n02210\tP\u00d3TKER\u00c9K<br \/>\n77742\tF\u00dcLKEKAPASZKOD\u00d3 VEZET\u0150- \u00c9S UTASOLDALON<br \/>\n00744\tF\u00dcLKE H\u00c1TS\u00d3 ABLAKOK<br \/>\n72813\tTRACTION PLUS \u00c9S LEJTMENET VEZ\u00c9RL\u00c9S<br \/>\n00190\tOLAJTEKN\u0150 V\u00c9DELEM<br \/>\n00726\tALV\u00c1Z ALATTI P\u00d3TKER\u00c9KTART\u00d3<br \/>\nEgy\u00e9b<br \/>\n00217\tKER\u00c9K\u00c9K N\u00c9LK\u00dcLI KIVITEL<br \/>\n72625\tLED F\u00c9NYSZ\u00d3R\u00d3K<br \/>\n01565\tFUEL TANK 86L<br \/>\n07629\tNINCS HANGJELZ\u00c9S TOLAT\u00c1SKOR<br \/>\n02443\tB\u0150R KORM\u00c1NYKER\u00c9K<br \/>\n00685\tF\u0170T\u00d6TT SZ\u00c9LV\u00c9D\u0150<br \/>\n08628\tSZ\u00c9LV\u00c9D\u0150 FELETTI RAKOD\u00d3POLC + 4 DINES REKESZ<br \/>\n00265\tPASSENGER COMFORT SEAT (WITH ARMREST AND LUMBAR ADJUSTMENT)<br \/>\n79297\tTEXTIL BEVONAT\u00da FEJT\u00c1ML\u00c1K<br \/>\n73024\tVISSZAPILLANT\u00d3 T\u00dcKR\u00d6K (2.350 MM SZ\u00c9LES)<br \/>\n05925\tKIEG\u00c9SZ\u00cdT\u0150 SEBESS\u00c9GSZAB\u00c1LYZ\u00c1S<br \/>\n20661\tGUMIABRONCS 195\/75R16<\/p>\n","protected":false},"excerpt":{"rendered":"<p>K\u00e9szletr\u0151l 4100 mm tengelyt\u00e1v + 4,6m Plat\u00f3\/ponyva\u00a0<\/p>\n","protected":false},"featured_media":34669,"template":"","meta":{"_acf_changed":false},"product_cat":[58],"product_tag":[],"class_list":{"0":"post-34668","1":"product","2":"type-product","3":"status-publish","4":"has-post-thumbnail","6":"product_cat-tgk-7-5-tonna-alatt","7":"pa_allapot-uj-jarmu","8":"pa_e-misszios-norma-euro-vi","9":"pa_ertekesitesi-kategoria-iveco-uj","10":"pa_felepitmeny-plato-ponyva","11":"pa_gyarto-iveco","12":"pa_hajtaskeplet-4x2","13":"pa_sebesseg-valto-automata","14":"pa_statusz-szamlazottbejovo","15":"pa_szin-feher","16":"pa_tarolasi-hely-m1tc","17":"pa_tulajdonviszony-eurotrade-sajat","18":"pa_uzemanyag-diesel","20":"first","21":"instock","22":"purchasable","23":"product-type-simple"},"acf":[],"_links":{"self":[{"href":"https:\/\/eurotrade.hu\/en\/wp-json\/wp\/v2\/product\/34668"}],"collection":[{"href":"https:\/\/eurotrade.hu\/en\/wp-json\/wp\/v2\/product"}],"about":[{"href":"https:\/\/eurotrade.hu\/en\/wp-json\/wp\/v2\/types\/product"}],"wp:featuredmedia":[{"embeddable":true,"href":"https:\/\/eurotrade.hu\/en\/wp-json\/wp\/v2\/media\/34669"}],"wp:attachment":[{"href":"https:\/\/eurotrade.hu\/en\/wp-json\/wp\/v2\/media?parent=34668"}],"wp:term":[{"taxonomy":"product_cat","embeddable":true,"href":"https:\/\/eurotrade.hu\/en\/wp-json\/wp\/v2\/product_cat?post=34668"},{"taxonomy":"product_tag","embeddable":true,"href":"https:\/\/eurotrade.hu\/en\/wp-json\/wp\/v2\/product_tag?post=34668"}],"curies":[{"name":"wp","href":"https:\/\/api.w.org\/{rel}","templated":true}]}}