{"id":8657,"date":"2026-04-23T22:02:07","date_gmt":"2026-04-23T22:02:07","guid":{"rendered":"https:\/\/eurotrade.hu\/jarmuvek\/iveco-t-way-ad410t45\/"},"modified":"2026-04-23T22:02:07","modified_gmt":"2026-04-23T22:02:07","slug":"iveco-t-way-ad410t46","status":"publish","type":"product","link":"https:\/\/eurotrade.hu\/en\/jarmuvek\/iveco-t-way-ad410t46\/","title":{"rendered":"IVECO &#8211; T-WAY AD410T46"},"content":{"rendered":"<p>76049\tKORR\u00d3ZI\u00d3\u00c1LL\u00d3 \u00c9S K\u0150FELVER\u0150D\u00c9S ELLEN V\u00c9D\u0150 BEVONAT<br \/>\n04897\tMEGN\u00d6VELT L\u00c9GSZ\u0170R\u0150<br \/>\n05097\tMEGER\u0150S\u00cdTETT H\u00c1TS\u00d3 STABILIZ\u00c1TOR R\u00daD<br \/>\n14531\tMEGER\u0150S\u00cdTETT ELS\u0150 STABILIZ\u00c1TOR R\u00daD<br \/>\n02358\tH\u00c1TS\u00d3 LENG\u00c9SCSILLAP\u00cdT\u00d3<br \/>\n08554\tH\u00c1TS\u00d3 F\u00c9LELLIPTIKUS FELF\u00dcGGESZT\u00c9S<br \/>\n08549\tELS\u0150 MEGER\u0150S\u00cdTETT PARABOLIKUS FELF\u00dcGGESZT\u00c9S<br \/>\n02672\tFELL\u00c9P\u0150 A S\u00c1RV\u00c9D\u0150N \u00c9S F\u00dcLKE KAPASZKOD\u00d3<br \/>\n02659\tAUTOMATA L\u00c9GKOND\u00cdCION\u00c1L\u00d3<br \/>\n06620\tSZ\u00d6VET K\u00c1RPITOZOTT, L\u00c9GRUG\u00d3S FELF\u00dcGGESZT\u00c9S\u0170, F\u0170T\u00d6TT VEZET\u0150\u00dcL\u00c9S GERINCT\u00c1MASSZAL<br \/>\n00553\tF\u00c9NYSZ\u00d3R\u00d3V\u00c9D\u0150 R\u00c1CS<br \/>\n00632\tK\u00dcLS\u0150 NAPELLENZ\u0150 &#8211; F\u00dcSTSZ\u00cdN\u0170 PLEXI<br \/>\n01483\tPTO MELL\u00c9KHAJT\u00c1S EL\u0150K\u00c9SZ\u00cdT\u00c9S A F\u00dcLK\u00c9BEN<br \/>\n05210\tPTO MELL\u00c9KHAJT\u00c1S ZF NH\/4C<br \/>\n00162\tH\u00c1TS\u00d3 VON\u00d3SZEM<br \/>\n04572\tEXPANZI\u00d3S MODUL MELL\u00c9KHAJT\u00c1SHOZ<br \/>\n08288\tTOLL COLLECT EL\u0150K\u00c9SZ\u00cdT\u00c9S N\u00c9LK\u00dcLI KIVITEL<br \/>\n02495\tFMS CSATLAKOZ\u00d3 N\u00c9LK\u00dcLI KIVITEL<br \/>\n73225\tDAB BLUETOOTH R\u00c1DI\u00d3<br \/>\n20795\tGUMIABRONCS 315\/80R22.5 ON\/OFF + OFF T\u00d6BBFUNKCI\u00d3S<\/p>\n","protected":false},"excerpt":{"rendered":"<p>Wielton 18 m3 billen\u0151plat\u00f3\u00a0<\/p>\n","protected":false},"featured_media":22292,"template":"","meta":{"_acf_changed":false},"product_cat":[55],"product_tag":[],"class_list":{"0":"post-8657","1":"product","2":"type-product","3":"status-publish","4":"has-post-thumbnail","6":"product_cat-tgk-7-5-tonna-folott","7":"pa_allapot-uj-jarmu","8":"pa_e-misszios-norma-euro-vi","9":"pa_ertekesitesi-kategoria-iveco-uj","10":"pa_felepitmeny-epitoipari-billeno","11":"pa_gyarto-iveco","12":"pa_hajtaskeplet-8x4x4","13":"pa_sebesseg-valto-automata","14":"pa_statusz-n-a","15":"pa_szin-feher","16":"pa_tarolasi-hely-m1tc","17":"pa_tulajdonviszony-rendelheto","18":"pa_uzemanyag-diesel","20":"first","21":"instock","22":"purchasable","23":"product-type-simple"},"acf":[],"_links":{"self":[{"href":"https:\/\/eurotrade.hu\/en\/wp-json\/wp\/v2\/product\/8657"}],"collection":[{"href":"https:\/\/eurotrade.hu\/en\/wp-json\/wp\/v2\/product"}],"about":[{"href":"https:\/\/eurotrade.hu\/en\/wp-json\/wp\/v2\/types\/product"}],"wp:featuredmedia":[{"embeddable":true,"href":"https:\/\/eurotrade.hu\/en\/wp-json\/wp\/v2\/media\/22292"}],"wp:attachment":[{"href":"https:\/\/eurotrade.hu\/en\/wp-json\/wp\/v2\/media?parent=8657"}],"wp:term":[{"taxonomy":"product_cat","embeddable":true,"href":"https:\/\/eurotrade.hu\/en\/wp-json\/wp\/v2\/product_cat?post=8657"},{"taxonomy":"product_tag","embeddable":true,"href":"https:\/\/eurotrade.hu\/en\/wp-json\/wp\/v2\/product_tag?post=8657"}],"curies":[{"name":"wp","href":"https:\/\/api.w.org\/{rel}","templated":true}]}}