{"id":8709,"date":"2026-04-23T10:00:10","date_gmt":"2026-04-23T10:00:10","guid":{"rendered":"https:\/\/eurotrade.hu\/jarmuvek\/wielton-fuggonyponyvas\/"},"modified":"2026-04-23T10:00:11","modified_gmt":"2026-04-23T10:00:11","slug":"wielton-fuggonyponyvas","status":"publish","type":"product","link":"https:\/\/eurotrade.hu\/en\/jarmuvek\/wielton-fuggonyponyvas\/","title":{"rendered":"WIELTON &#8211; F\u00dcGG\u00d6NYPONYV\u00c1S"},"content":{"rendered":"<p>SAF tengely rol\u00f3ponyva, XL tan\u00fas\u00edtv\u00e1ny<\/p>\n","protected":false},"excerpt":{"rendered":"<p>F\u00dcGG\u00d6NYPONYV\u00c1S, PLAT\u00d3S\u00a0<\/p>\n","protected":false},"featured_media":8710,"template":"","meta":{"_acf_changed":false},"product_cat":[24],"product_tag":[],"class_list":{"0":"post-8709","1":"product","2":"type-product","3":"status-publish","4":"has-post-thumbnail","6":"product_cat-felpotkocsi","7":"pa_allapot-uj-jarmu","8":"pa_ertekesitesi-kategoria-wielton-uj","9":"pa_felepitmeny-plato-ponyva","10":"pa_gyarto-wielton","11":"pa_sebesseg-valto-n-a","12":"pa_statusz-n-a","13":"pa_szin-ral-7021-szurke","14":"pa_tarolasi-hely-m1tc","15":"pa_tulajdonviszony-rendelheto","16":"pa_uzemanyag-n-a","18":"first","19":"instock","20":"purchasable","21":"product-type-simple"},"acf":[],"_links":{"self":[{"href":"https:\/\/eurotrade.hu\/en\/wp-json\/wp\/v2\/product\/8709"}],"collection":[{"href":"https:\/\/eurotrade.hu\/en\/wp-json\/wp\/v2\/product"}],"about":[{"href":"https:\/\/eurotrade.hu\/en\/wp-json\/wp\/v2\/types\/product"}],"wp:featuredmedia":[{"embeddable":true,"href":"https:\/\/eurotrade.hu\/en\/wp-json\/wp\/v2\/media\/8710"}],"wp:attachment":[{"href":"https:\/\/eurotrade.hu\/en\/wp-json\/wp\/v2\/media?parent=8709"}],"wp:term":[{"taxonomy":"product_cat","embeddable":true,"href":"https:\/\/eurotrade.hu\/en\/wp-json\/wp\/v2\/product_cat?post=8709"},{"taxonomy":"product_tag","embeddable":true,"href":"https:\/\/eurotrade.hu\/en\/wp-json\/wp\/v2\/product_tag?post=8709"}],"curies":[{"name":"wp","href":"https:\/\/api.w.org\/{rel}","templated":true}]}}