{"id":15463,"date":"2026-04-23T10:00:12","date_gmt":"2026-04-23T10:00:12","guid":{"rendered":"https:\/\/eurotrade.hu\/jarmuvek\/byd-etm6-basic-3\/"},"modified":"2026-04-23T10:00:12","modified_gmt":"2026-04-23T10:00:12","slug":"byd-etm6-swb-basic-uj-elektromos-tgk","status":"publish","type":"product","link":"https:\/\/eurotrade.hu\/ro\/jarmuvek\/byd-etm6-swb-basic-uj-elektromos-tgk\/","title":{"rendered":"BYD &#8211; ETM6 SWB BASIC &#8211; \u00faj elektromos tgk."},"content":{"rendered":"<p>D\u00cdZEL \u00c1R\u00c1\u00c9RT VEGYEN ELEKTROMOS TEHERAUT\u00d3T,<br \/>\nK\u00c9SZLETR\u0150L AZONNAL!<\/p>\n<p>K\u00e9szletr\u0151l, azonnal (korl\u00e1tozott sz\u00e1mban) megv\u00e1s\u00e1rolhat\u00f3<br \/>\n7,5 tonn\u00e1s plat\u00f3s-ponyv\u00e1s tgk.<\/p>\n<p>Plat\u00f3-ponyva, doboz (h\u0171t\u0151s is) emel\u0151h\u00e1tfal felszerelhet\u0151!<\/p>\n","protected":false},"excerpt":{"rendered":"<p>Plat\u00f3s &#8211; ponyv\u00e1s tgk.\u00a0<\/p>\n","protected":false},"featured_media":33777,"template":"","meta":{"_acf_changed":false},"product_cat":[58],"product_tag":[],"class_list":{"0":"post-15463","1":"product","2":"type-product","3":"status-publish","4":"has-post-thumbnail","6":"product_cat-tgk-7-5-tonna-alatt","7":"pa_allapot-uj-jarmu","8":"pa_ertekesitesi-kategoria-egyeb-uj","9":"pa_felepitmeny-plato-ponyva","10":"pa_gyarto-byd","11":"pa_sebesseg-valto-automata","12":"pa_statusz-atvettszallitotol","13":"pa_szin-feher","14":"pa_tarolasi-hely-m1tc","15":"pa_tulajdonviszony-eurotrade-sajat","16":"pa_uzemanyag-elektromos","18":"first","19":"instock","20":"purchasable","21":"product-type-simple"},"acf":[],"_links":{"self":[{"href":"https:\/\/eurotrade.hu\/ro\/wp-json\/wp\/v2\/product\/15463"}],"collection":[{"href":"https:\/\/eurotrade.hu\/ro\/wp-json\/wp\/v2\/product"}],"about":[{"href":"https:\/\/eurotrade.hu\/ro\/wp-json\/wp\/v2\/types\/product"}],"wp:featuredmedia":[{"embeddable":true,"href":"https:\/\/eurotrade.hu\/ro\/wp-json\/wp\/v2\/media\/33777"}],"wp:attachment":[{"href":"https:\/\/eurotrade.hu\/ro\/wp-json\/wp\/v2\/media?parent=15463"}],"wp:term":[{"taxonomy":"product_cat","embeddable":true,"href":"https:\/\/eurotrade.hu\/ro\/wp-json\/wp\/v2\/product_cat?post=15463"},{"taxonomy":"product_tag","embeddable":true,"href":"https:\/\/eurotrade.hu\/ro\/wp-json\/wp\/v2\/product_tag?post=15463"}],"curies":[{"name":"wp","href":"https:\/\/api.w.org\/{rel}","templated":true}]}}