{"id":16445,"date":"2026-04-13T22:02:11","date_gmt":"2026-04-13T22:02:11","guid":{"rendered":"https:\/\/eurotrade.hu\/jarmuvek\/wielton-forgozsamolyos\/"},"modified":"2026-04-13T22:02:11","modified_gmt":"2026-04-13T22:02:11","slug":"wielton-forgozsamolyos","status":"publish","type":"product","link":"https:\/\/eurotrade.hu\/ro\/jarmuvek\/wielton-forgozsamolyos\/","title":{"rendered":"WIELTON &#8211; FORG\u00d3ZS\u00c1MOLYOS"},"content":{"rendered":"<p>G\u00f6rg\u0151s kont\u00e9nersz\u00e1ll\u00edt\u00f3 p\u00f3tkocsi, 40mm von\u00f3szem, Bridgestone gumi, SAF tengely<\/p>\n","protected":false},"excerpt":{"rendered":"<p>G\u00d6RG\u0150S KONT\u00c9NERSZ\u00c1LL\u00cdT\u00d3\u00a0<\/p>\n","protected":false},"featured_media":16446,"template":"","meta":{"_acf_changed":false},"product_cat":[28],"product_tag":[],"class_list":{"0":"post-16445","1":"product","2":"type-product","3":"status-publish","4":"has-post-thumbnail","6":"product_cat-potkocsi","7":"pa_allapot-uj-jarmu","8":"pa_ertekesitesi-kategoria-wielton-uj","9":"pa_felepitmeny-kontener-szallito","10":"pa_gyarto-wielton","11":"pa_sebesseg-valto-n-a","12":"pa_statusz-n-a","13":"pa_szin-szurke","14":"pa_tarolasi-hely-gyarto","15":"pa_tulajdonviszony-rendelheto","16":"pa_uzemanyag-n-a","18":"first","19":"instock","20":"purchasable","21":"product-type-simple"},"acf":[],"_links":{"self":[{"href":"https:\/\/eurotrade.hu\/ro\/wp-json\/wp\/v2\/product\/16445"}],"collection":[{"href":"https:\/\/eurotrade.hu\/ro\/wp-json\/wp\/v2\/product"}],"about":[{"href":"https:\/\/eurotrade.hu\/ro\/wp-json\/wp\/v2\/types\/product"}],"wp:featuredmedia":[{"embeddable":true,"href":"https:\/\/eurotrade.hu\/ro\/wp-json\/wp\/v2\/media\/16446"}],"wp:attachment":[{"href":"https:\/\/eurotrade.hu\/ro\/wp-json\/wp\/v2\/media?parent=16445"}],"wp:term":[{"taxonomy":"product_cat","embeddable":true,"href":"https:\/\/eurotrade.hu\/ro\/wp-json\/wp\/v2\/product_cat?post=16445"},{"taxonomy":"product_tag","embeddable":true,"href":"https:\/\/eurotrade.hu\/ro\/wp-json\/wp\/v2\/product_tag?post=16445"}],"curies":[{"name":"wp","href":"https:\/\/api.w.org\/{rel}","templated":true}]}}