{"id":26631,"date":"2026-04-24T10:00:18","date_gmt":"2026-04-24T10:00:18","guid":{"rendered":"https:\/\/eurotrade.hu\/jarmuvek\/iveco-daily-35c18h-d-2\/"},"modified":"2026-04-24T10:00:19","modified_gmt":"2026-04-24T10:00:19","slug":"iveco-daily-35c18h-d-2","status":"publish","type":"product","link":"https:\/\/eurotrade.hu\/ro\/jarmuvek\/iveco-daily-35c18h-d-2\/","title":{"rendered":"IVECO &#8211; DAILY 35C18H D"},"content":{"rendered":"<p>5% THM, DUPLAF\u00dcLK\u00c9S, (doka) 35C18 IVECO DAILY. 3000 Cm3 180 l\u00f3er\u0151, k\u00f6zel 450 NM, L\u00c9TRA ALV\u00c1Z 13lapos rug\u00f3k\u00f6teg, torzi\u00f3s els\u0151 felf\u00fcggeszt\u00e9s, bluetooth gy\u00e1ri r\u00e1di\u00f3, tempomat, kl\u00edma, k\u00f6dl\u00e1mpa. N\u00e9h\u00e1ny a f\u0151bb extr\u00e1kb\u00f3l. R\u00f6vid hat\u00e1rid\u0151n bel\u00fcl \u00e1tvehet\u0151. (385\/Ft ) B\u00e1rmilyen fel\u00e9p\u00edtm\u00e9nnyel szerelhet\u0151.<br \/>\nFel\u00e9p\u00edtm\u00e9ny: 3300 x 2100 x 400 mm bels\u0151 m\u00e9ret\u0171 alum\u00ednium plat\u00f3<\/p>\n","protected":false},"excerpt":{"rendered":"<p>3750 mm\u00a0<\/p>\n","protected":false},"featured_media":26632,"template":"","meta":{"_acf_changed":false},"product_cat":[58],"product_tag":[],"class_list":{"0":"post-26631","1":"product","2":"type-product","3":"status-publish","4":"has-post-thumbnail","6":"product_cat-tgk-7-5-tonna-alatt","7":"pa_allapot-uj-jarmu","8":"pa_e-misszios-norma-euro-vi","9":"pa_ertekesitesi-kategoria-iveco-uj","10":"pa_felepitmeny-plato","11":"pa_gyarto-iveco","12":"pa_hajtaskeplet-4x2","13":"pa_sebesseg-valto-mechanikus","14":"pa_statusz-n-a","15":"pa_szin-feher","16":"pa_tarolasi-hely-m1tc","17":"pa_tulajdonviszony-rendelheto","18":"pa_uzemanyag-diesel","20":"first","21":"instock","22":"purchasable","23":"product-type-simple"},"acf":[],"_links":{"self":[{"href":"https:\/\/eurotrade.hu\/ro\/wp-json\/wp\/v2\/product\/26631"}],"collection":[{"href":"https:\/\/eurotrade.hu\/ro\/wp-json\/wp\/v2\/product"}],"about":[{"href":"https:\/\/eurotrade.hu\/ro\/wp-json\/wp\/v2\/types\/product"}],"wp:featuredmedia":[{"embeddable":true,"href":"https:\/\/eurotrade.hu\/ro\/wp-json\/wp\/v2\/media\/26632"}],"wp:attachment":[{"href":"https:\/\/eurotrade.hu\/ro\/wp-json\/wp\/v2\/media?parent=26631"}],"wp:term":[{"taxonomy":"product_cat","embeddable":true,"href":"https:\/\/eurotrade.hu\/ro\/wp-json\/wp\/v2\/product_cat?post=26631"},{"taxonomy":"product_tag","embeddable":true,"href":"https:\/\/eurotrade.hu\/ro\/wp-json\/wp\/v2\/product_tag?post=26631"}],"curies":[{"name":"wp","href":"https:\/\/api.w.org\/{rel}","templated":true}]}}