{"id":30888,"date":"2026-04-23T10:00:23","date_gmt":"2026-04-23T10:00:23","guid":{"rendered":"https:\/\/eurotrade.hu\/jarmuvek\/wielton-ns3-k-evo-fuggonyponyvas\/"},"modified":"2026-04-23T10:00:23","modified_gmt":"2026-04-23T10:00:23","slug":"wielton-ns3-k-evo-fuggonyponyvas","status":"publish","type":"product","link":"https:\/\/eurotrade.hu\/ro\/jarmuvek\/wielton-ns3-k-evo-fuggonyponyvas\/","title":{"rendered":"WIELTON &#8211; NS3 K EVO F\u00dcGG\u00d6NYPONYV\u00c1S"},"content":{"rendered":"<p>Bogis tengely, alul\u00e9c, p\u00f3tker\u00e9k tart\u00f3, szersz\u00e1mos l\u00e1da<\/p>\n","protected":false},"excerpt":{"rendered":"<p>F\u00dcGG\u00d6NYPONYV\u00c1S\u00a0<\/p>\n","protected":false},"featured_media":30889,"template":"","meta":{"_acf_changed":false},"product_cat":[24],"product_tag":[],"class_list":{"0":"post-30888","1":"product","2":"type-product","3":"status-publish","4":"has-post-thumbnail","6":"product_cat-felpotkocsi","7":"pa_allapot-uj-jarmu","8":"pa_ertekesitesi-kategoria-wielton-uj","9":"pa_felepitmeny-plato-ponyva","10":"pa_gyarto-wielton","11":"pa_sebesseg-valto-n-a","12":"pa_statusz-n-a","13":"pa_szin-ral-7021-szurke","14":"pa_tarolasi-hely-m1tc","15":"pa_tulajdonviszony-rendelheto","16":"pa_uzemanyag-n-a","18":"first","19":"instock","20":"purchasable","21":"product-type-simple"},"acf":[],"_links":{"self":[{"href":"https:\/\/eurotrade.hu\/ro\/wp-json\/wp\/v2\/product\/30888"}],"collection":[{"href":"https:\/\/eurotrade.hu\/ro\/wp-json\/wp\/v2\/product"}],"about":[{"href":"https:\/\/eurotrade.hu\/ro\/wp-json\/wp\/v2\/types\/product"}],"wp:featuredmedia":[{"embeddable":true,"href":"https:\/\/eurotrade.hu\/ro\/wp-json\/wp\/v2\/media\/30889"}],"wp:attachment":[{"href":"https:\/\/eurotrade.hu\/ro\/wp-json\/wp\/v2\/media?parent=30888"}],"wp:term":[{"taxonomy":"product_cat","embeddable":true,"href":"https:\/\/eurotrade.hu\/ro\/wp-json\/wp\/v2\/product_cat?post=30888"},{"taxonomy":"product_tag","embeddable":true,"href":"https:\/\/eurotrade.hu\/ro\/wp-json\/wp\/v2\/product_tag?post=30888"}],"curies":[{"name":"wp","href":"https:\/\/api.w.org\/{rel}","templated":true}]}}