{"id":32605,"date":"2026-04-17T22:02:23","date_gmt":"2026-04-17T22:02:23","guid":{"rendered":"https:\/\/eurotrade.hu\/jarmuvek\/iveco-ad360xz-ajg\/"},"modified":"2026-04-17T22:02:23","modified_gmt":"2026-04-17T22:02:23","slug":"iveco-ad360xz-ajg-vakum-tank-inox","status":"publish","type":"product","link":"https:\/\/eurotrade.hu\/ro\/jarmuvek\/iveco-ad360xz-ajg-vakum-tank-inox\/","title":{"rendered":"Iveco &#8211; AD360XZ &#8211; AJG V\u00e1kum tank, Inox"},"content":{"rendered":"<p>Fel\u00e9p\u00edtm\u00e9ny:<br \/>\nGy\u00e1rtm\u00e1ny: N\/A Anyaga:N\/A<\/p>\n","protected":false},"excerpt":{"rendered":"<p>\u00a0<\/p>\n","protected":false},"featured_media":32624,"template":"","meta":{"_acf_changed":false},"product_cat":[55],"product_tag":[],"class_list":{"0":"post-32605","1":"product","2":"type-product","3":"status-publish","4":"has-post-thumbnail","6":"product_cat-tgk-7-5-tonna-folott","7":"pa_allapot-hasznalt-jarmu","8":"pa_e-misszios-norma-euro-vi","9":"pa_ertekesitesi-kategoria-hasznalt-egyeb","10":"pa_felepitmeny-tartaly","11":"pa_gyarto-iveco","12":"pa_hajtaskeplet-8x4x4","13":"pa_sebesseg-valto-automata","14":"pa_statusz-szamlazottbejovo","15":"pa_szin-feher","16":"pa_tarolasi-hely-m1tc","17":"pa_tulajdonviszony-eurotrade-sajat","18":"pa_uzemanyag-diesel","20":"first","21":"instock","22":"purchasable","23":"product-type-simple"},"acf":[],"_links":{"self":[{"href":"https:\/\/eurotrade.hu\/ro\/wp-json\/wp\/v2\/product\/32605"}],"collection":[{"href":"https:\/\/eurotrade.hu\/ro\/wp-json\/wp\/v2\/product"}],"about":[{"href":"https:\/\/eurotrade.hu\/ro\/wp-json\/wp\/v2\/types\/product"}],"wp:featuredmedia":[{"embeddable":true,"href":"https:\/\/eurotrade.hu\/ro\/wp-json\/wp\/v2\/media\/32624"}],"wp:attachment":[{"href":"https:\/\/eurotrade.hu\/ro\/wp-json\/wp\/v2\/media?parent=32605"}],"wp:term":[{"taxonomy":"product_cat","embeddable":true,"href":"https:\/\/eurotrade.hu\/ro\/wp-json\/wp\/v2\/product_cat?post=32605"},{"taxonomy":"product_tag","embeddable":true,"href":"https:\/\/eurotrade.hu\/ro\/wp-json\/wp\/v2\/product_tag?post=32605"}],"curies":[{"name":"wp","href":"https:\/\/api.w.org\/{rel}","templated":true}]}}