{"id":32699,"date":"2026-04-29T10:02:22","date_gmt":"2026-04-29T10:02:22","guid":{"rendered":"https:\/\/eurotrade.hu\/jarmuvek\/byd-etm6-basic-uj-elektromos-tgk-3\/"},"modified":"2026-04-29T10:02:22","modified_gmt":"2026-04-29T10:02:22","slug":"byd-etm6-basic-uj-elektromos-tgk","status":"publish","type":"product","link":"https:\/\/eurotrade.hu\/ro\/jarmuvek\/byd-etm6-basic-uj-elektromos-tgk\/","title":{"rendered":"BYD &#8211; ETM6 BASIC &#8211; \u00faj elektromos tgk."},"content":{"rendered":"<p>D\u00cdZEL \u00c1R\u00c1\u00c9RT VEGYEN ELEKTROMOS TEHERAUT\u00d3T,<br \/>\nK\u00c9SZLETR\u0150L AZONNAL!<\/p>\n<p>K\u00e9szletr\u0151l, azonnal megv\u00e1s\u00e1rolhat\u00f3 7,5 tonn\u00e1s plat\u00f3-ponyv\u00e1s<br \/>\nfel\u00e9p\u00edtm\u00e9nnyel\u00e9s emel\u0151h\u00e1tfallal k\u00e9szletr\u0151l azonnal elvihet\u0151<br \/>\nelektromos teherg\u00e9pkocsi.<\/p>\n<p>A fel\u00e9p\u00edtm\u00e9ny belm\u00e9retei: 4100x2100x2000 mm.<\/p>\n","protected":false},"excerpt":{"rendered":"<p>Plat\u00f3s &#8211; ponyv\u00e1s, emel\u0151h\u00e1tfallal\u00a0<\/p>\n","protected":false},"featured_media":15489,"template":"","meta":{"_acf_changed":false},"product_cat":[58],"product_tag":[],"class_list":{"0":"post-32699","1":"product","2":"type-product","3":"status-publish","4":"has-post-thumbnail","6":"product_cat-tgk-7-5-tonna-alatt","7":"pa_allapot-uj-jarmu","8":"pa_e-misszios-norma-n-a","9":"pa_ertekesitesi-kategoria-egyeb-uj","10":"pa_felepitmeny-plato-ponyva","11":"pa_gyarto-byd","12":"pa_hajtaskeplet-4x2","13":"pa_sebesseg-valto-automata","14":"pa_statusz-szamlazottbejovo","15":"pa_szin-feher","16":"pa_tarolasi-hely-m1tc","17":"pa_tulajdonviszony-eurotrade-sajat","18":"pa_uzemanyag-elektromos","20":"first","21":"instock","22":"purchasable","23":"product-type-simple"},"acf":[],"_links":{"self":[{"href":"https:\/\/eurotrade.hu\/ro\/wp-json\/wp\/v2\/product\/32699"}],"collection":[{"href":"https:\/\/eurotrade.hu\/ro\/wp-json\/wp\/v2\/product"}],"about":[{"href":"https:\/\/eurotrade.hu\/ro\/wp-json\/wp\/v2\/types\/product"}],"wp:featuredmedia":[{"embeddable":true,"href":"https:\/\/eurotrade.hu\/ro\/wp-json\/wp\/v2\/media\/15489"}],"wp:attachment":[{"href":"https:\/\/eurotrade.hu\/ro\/wp-json\/wp\/v2\/media?parent=32699"}],"wp:term":[{"taxonomy":"product_cat","embeddable":true,"href":"https:\/\/eurotrade.hu\/ro\/wp-json\/wp\/v2\/product_cat?post=32699"},{"taxonomy":"product_tag","embeddable":true,"href":"https:\/\/eurotrade.hu\/ro\/wp-json\/wp\/v2\/product_tag?post=32699"}],"curies":[{"name":"wp","href":"https:\/\/api.w.org\/{rel}","templated":true}]}}