{"id":33622,"date":"2026-04-23T22:02:27","date_gmt":"2026-04-23T22:02:27","guid":{"rendered":"https:\/\/eurotrade.hu\/jarmuvek\/komatsu-wb97s\/"},"modified":"2026-04-23T22:02:27","modified_gmt":"2026-04-23T22:02:27","slug":"komatsu-wb97s","status":"publish","type":"product","link":"https:\/\/eurotrade.hu\/ro\/jarmuvek\/komatsu-wb97s\/","title":{"rendered":"Komatsu &#8211; WB97S"},"content":{"rendered":"","protected":false},"excerpt":{"rendered":"<p>Kombig\u00e9p, 8130 \u00fc\u00f3\u00a0<\/p>\n","protected":false},"featured_media":33623,"template":"","meta":{"_acf_changed":false},"product_cat":[142],"product_tag":[],"class_list":{"0":"post-33622","1":"product","2":"type-product","3":"status-publish","4":"has-post-thumbnail","6":"product_cat-gep","7":"pa_allapot-hasznalt-jarmu","8":"pa_e-misszios-norma-n-a","9":"pa_ertekesitesi-kategoria-gep","10":"pa_felepitmeny-homlokrakodok-kotro-rakodok","11":"pa_gyarto-komatsu","12":"pa_hajtaskeplet-4x4x4","13":"pa_sebesseg-valto-mechanikus","14":"pa_statusz-atvettszallitotol","15":"pa_szin-sarga","16":"pa_tarolasi-hely-m1tc","17":"pa_tulajdonviszony-eurotrade-bizomanyos","18":"pa_uzemanyag-diesel","20":"first","21":"instock","22":"purchasable","23":"product-type-simple"},"acf":[],"_links":{"self":[{"href":"https:\/\/eurotrade.hu\/ro\/wp-json\/wp\/v2\/product\/33622"}],"collection":[{"href":"https:\/\/eurotrade.hu\/ro\/wp-json\/wp\/v2\/product"}],"about":[{"href":"https:\/\/eurotrade.hu\/ro\/wp-json\/wp\/v2\/types\/product"}],"wp:featuredmedia":[{"embeddable":true,"href":"https:\/\/eurotrade.hu\/ro\/wp-json\/wp\/v2\/media\/33623"}],"wp:attachment":[{"href":"https:\/\/eurotrade.hu\/ro\/wp-json\/wp\/v2\/media?parent=33622"}],"wp:term":[{"taxonomy":"product_cat","embeddable":true,"href":"https:\/\/eurotrade.hu\/ro\/wp-json\/wp\/v2\/product_cat?post=33622"},{"taxonomy":"product_tag","embeddable":true,"href":"https:\/\/eurotrade.hu\/ro\/wp-json\/wp\/v2\/product_tag?post=33622"}],"curies":[{"name":"wp","href":"https:\/\/api.w.org\/{rel}","templated":true}]}}