{"id":34611,"date":"2026-04-23T10:00:24","date_gmt":"2026-04-23T10:00:24","guid":{"rendered":"https:\/\/eurotrade.hu\/jarmuvek\/iveco-daily-35s16b\/"},"modified":"2026-04-23T10:00:24","modified_gmt":"2026-04-23T10:00:24","slug":"iveco-daily-35s16b","status":"publish","type":"product","link":"https:\/\/eurotrade.hu\/ro\/jarmuvek\/iveco-daily-35s16b\/","title":{"rendered":"IVECO &#8211; DAILY 35S16B"},"content":{"rendered":"<p>COMFORT<br \/>\n01619\tUSB T\u00d6LT\u0150CSATLAKOZ\u00d3 VEZET\u0150OLDALON<br \/>\n01606\t\u00c9RINT\u0150K\u00c9PERNY\u0150S R\u00c1DI\u00d3 7 INCH<br \/>\n06555\tK\u00d6DL\u00c1MP\u00c1K<br \/>\n76104\tMANU\u00c1LIS L\u00c9GKOND\u00cdCION\u00c1L\u00d3<br \/>\n02463\tSEBESS\u00c9GTART\u00d3 AUTOMATIKA<br \/>\n07196\t170 CC L\u00c9GKOND\u00cdCION\u00c1L\u00d3 KOMPRESSZOR<br \/>\nKIV\u00c1LASZTOTT FELSZERELTS\u00c9G<br \/>\n00726\tALV\u00c1Z ALATTI P\u00d3TKER\u00c9KTART\u00d3<br \/>\n01565\t\u00dcZEMANYAG TART\u00c1LY 86L<br \/>\n73024\tVISSZAPILLANT\u00d3 T\u00dcKR\u00d6K (2.350 MM SZ\u00c9LES)<br \/>\n05925\tKIEG\u00c9SZ\u00cdT\u0150 SEBESS\u00c9GSZAB\u00c1LYZ\u00c1S<br \/>\n08628\tSZ\u00c9LV\u00c9D\u0150 FELETTI RAKOD\u00d3POLC + 4 DINES REKESZ<br \/>\n02559\tH\u00c1TS\u00d3 HELYZETJELZ\u0150K<br \/>\n00744\tF\u00dcLKE H\u00c1TS\u00d3 ABLAKOK<br \/>\n00259\tKOMFORT RUG\u00d3S VEZET\u0150\u00dcL\u00c9S, GERINC- \u00c9S KART\u00c1MASSZAL<br \/>\n06724\tSPECI\u00c1LIS MEGER\u0150S\u00cdT\u00c9SEK<br \/>\n06520\t13-T\u0170S VONTATM\u00c1NY ELEKTROMOS CSATLAKOZ\u00d3<br \/>\n07820\tSFERA VON\u00d3HOROG D50 CEE 94\/20<br \/>\n02210\tP\u00d3TKER\u00c9K<br \/>\n02165\tOLDALS\u00d3 AL\u00c1FUT\u00c1SG\u00c1TL\u00d3 (GY\u00c1RI FEL\u00c9P\u00cdTM\u00c9NYHEZ)<br \/>\n79336\tELS\u0150 H\u0170T\u0150R\u00c1CS KR\u00d3M BET\u00c9TEKKEL<br \/>\n06064\tH\u00c1TS\u00d3 PARABOLIKUS RUG\u00d3K 2 RUG\u00d3LAPPAL<br \/>\n77742\tF\u00dcLKEKAPASZKOD\u00d3 VEZET\u0150- \u00c9S UTASOLDALON<br \/>\n72808\t2130 MM SZ\u00c9LES PLAT\u00d3<br \/>\n14502\tF\u00dcLKE V\u00c9D\u0150 CARGO FEL\u00c9P\u00cdTM\u00c9NYHEZ<br \/>\n14569\tFMS INTERFACE T\u00c1VLET\u00d6LT\u00c9SSEL<\/p>\n<p>NYITOTT ALUM\u00cdNIUM OLDALFALAS FIX PLAT\u00d3S FEL\u00c9P\u00cdTM\u00c9NY<br \/>\nHossz\u00fas\u00e1g:\t4450 mm<br \/>\nSz\u00e9less\u00e9g:\t2130 mm<br \/>\nMagass\u00e1g:\t400 mm<\/p>\n","protected":false},"excerpt":{"rendered":"<p>K\u00e9szletr\u0151l, 4,4m gy\u00e1ri plat\u00f3, 4100mm tengelyt\u00e1v\u00a0<\/p>\n","protected":false},"featured_media":34623,"template":"","meta":{"_acf_changed":false},"product_cat":[58],"product_tag":[],"class_list":{"0":"post-34611","1":"product","2":"type-product","3":"status-publish","4":"has-post-thumbnail","6":"product_cat-tgk-7-5-tonna-alatt","7":"pa_allapot-uj-jarmu","8":"pa_e-misszios-norma-euro-vi","9":"pa_ertekesitesi-kategoria-iveco-uj","10":"pa_felepitmeny-plato","11":"pa_gyarto-iveco","12":"pa_hajtaskeplet-4x2","13":"pa_sebesseg-valto-mechanikus","14":"pa_statusz-n-a","15":"pa_szin-szurke","16":"pa_tarolasi-hely-m1tc","17":"pa_tulajdonviszony-eurotrade-sajat","18":"pa_uzemanyag-diesel","20":"first","21":"instock","22":"purchasable","23":"product-type-simple"},"acf":[],"_links":{"self":[{"href":"https:\/\/eurotrade.hu\/ro\/wp-json\/wp\/v2\/product\/34611"}],"collection":[{"href":"https:\/\/eurotrade.hu\/ro\/wp-json\/wp\/v2\/product"}],"about":[{"href":"https:\/\/eurotrade.hu\/ro\/wp-json\/wp\/v2\/types\/product"}],"wp:featuredmedia":[{"embeddable":true,"href":"https:\/\/eurotrade.hu\/ro\/wp-json\/wp\/v2\/media\/34623"}],"wp:attachment":[{"href":"https:\/\/eurotrade.hu\/ro\/wp-json\/wp\/v2\/media?parent=34611"}],"wp:term":[{"taxonomy":"product_cat","embeddable":true,"href":"https:\/\/eurotrade.hu\/ro\/wp-json\/wp\/v2\/product_cat?post=34611"},{"taxonomy":"product_tag","embeddable":true,"href":"https:\/\/eurotrade.hu\/ro\/wp-json\/wp\/v2\/product_tag?post=34611"}],"curies":[{"name":"wp","href":"https:\/\/api.w.org\/{rel}","templated":true}]}}