{"id":8041,"date":"2026-04-23T10:00:06","date_gmt":"2026-04-23T10:00:06","guid":{"rendered":"https:\/\/eurotrade.hu\/jarmuvek\/wielton-aluminium-billencs-25m3\/"},"modified":"2026-04-23T10:00:06","modified_gmt":"2026-04-23T10:00:06","slug":"wielton-aluminium-billencs-25m3","status":"publish","type":"product","link":"https:\/\/eurotrade.hu\/ro\/jarmuvek\/wielton-aluminium-billencs-25m3\/","title":{"rendered":"Wielton &#8211; Alum\u00ednium billencs  25m3"},"content":{"rendered":"<p>SAF h\u00edd,Hyva hidraulika, WABCO, 7mm padl\u00f3, alu l\u00e9gtart\u00e1ly,<br \/>\nalu al\u00e1fut\u00e1sg\u00e1tl\u00f3, surrant\u00f3, sepr\u0171 lap\u00e1t, alu l\u00e9tra, szersz\u00e1mosl\u00e1da, 25m3<\/p>\n","protected":false},"excerpt":{"rendered":"<p>25\u00a0<\/p>\n","protected":false},"featured_media":8139,"template":"","meta":{"_acf_changed":false},"product_cat":[24],"product_tag":[],"class_list":{"0":"post-8041","1":"product","2":"type-product","3":"status-publish","4":"has-post-thumbnail","6":"product_cat-felpotkocsi","7":"pa_allapot-uj-jarmu","8":"pa_ertekesitesi-kategoria-wielton-uj","9":"pa_felepitmeny-billenos","10":"pa_gyarto-wielton","11":"pa_sebesseg-valto-n-a","12":"pa_statusz-n-a","13":"pa_szin-szurke","14":"pa_tarolasi-hely-m1tc","15":"pa_tulajdonviszony-rendelheto","16":"pa_uzemanyag-n-a","18":"first","19":"instock","20":"purchasable","21":"product-type-simple"},"acf":[],"_links":{"self":[{"href":"https:\/\/eurotrade.hu\/ro\/wp-json\/wp\/v2\/product\/8041"}],"collection":[{"href":"https:\/\/eurotrade.hu\/ro\/wp-json\/wp\/v2\/product"}],"about":[{"href":"https:\/\/eurotrade.hu\/ro\/wp-json\/wp\/v2\/types\/product"}],"wp:featuredmedia":[{"embeddable":true,"href":"https:\/\/eurotrade.hu\/ro\/wp-json\/wp\/v2\/media\/8139"}],"wp:attachment":[{"href":"https:\/\/eurotrade.hu\/ro\/wp-json\/wp\/v2\/media?parent=8041"}],"wp:term":[{"taxonomy":"product_cat","embeddable":true,"href":"https:\/\/eurotrade.hu\/ro\/wp-json\/wp\/v2\/product_cat?post=8041"},{"taxonomy":"product_tag","embeddable":true,"href":"https:\/\/eurotrade.hu\/ro\/wp-json\/wp\/v2\/product_tag?post=8041"}],"curies":[{"name":"wp","href":"https:\/\/api.w.org\/{rel}","templated":true}]}}