{"id":16439,"date":"2026-04-23T22:02:09","date_gmt":"2026-04-23T22:02:09","guid":{"rendered":"https:\/\/eurotrade.hu\/jarmuvek\/wielton-acel-billencs-2\/"},"modified":"2026-04-23T22:02:10","modified_gmt":"2026-04-23T22:02:10","slug":"wielton-acel-billencs","status":"publish","type":"product","link":"https:\/\/eurotrade.hu\/sk\/jarmuvek\/wielton-acel-billencs\/","title":{"rendered":"Wielton &#8211; Ac\u00e9l billencs"},"content":{"rendered":"<p>Ac\u00e9l tekn\u0151 billencs 26 m3.  SAF tengely, hardox fel\u00e9p\u00edtm\u00e9ny, HYVA hidraulika, Wabco f\u00e9k.<\/p>\n","protected":false},"excerpt":{"rendered":"<p>26\u00a0<\/p>\n","protected":false},"featured_media":16440,"template":"","meta":{"_acf_changed":false},"product_cat":[24],"product_tag":[],"class_list":{"0":"post-16439","1":"product","2":"type-product","3":"status-publish","4":"has-post-thumbnail","6":"product_cat-felpotkocsi","7":"pa_allapot-uj-jarmu","8":"pa_ertekesitesi-kategoria-wielton-uj","9":"pa_felepitmeny-billenos","10":"pa_gyarto-wielton","11":"pa_sebesseg-valto-n-a","12":"pa_statusz-n-a","13":"pa_szin-szurke","14":"pa_tarolasi-hely-m1tc","15":"pa_tulajdonviszony-rendelheto","16":"pa_uzemanyag-n-a","18":"first","19":"instock","20":"purchasable","21":"product-type-simple"},"acf":[],"_links":{"self":[{"href":"https:\/\/eurotrade.hu\/sk\/wp-json\/wp\/v2\/product\/16439"}],"collection":[{"href":"https:\/\/eurotrade.hu\/sk\/wp-json\/wp\/v2\/product"}],"about":[{"href":"https:\/\/eurotrade.hu\/sk\/wp-json\/wp\/v2\/types\/product"}],"wp:featuredmedia":[{"embeddable":true,"href":"https:\/\/eurotrade.hu\/sk\/wp-json\/wp\/v2\/media\/16440"}],"wp:attachment":[{"href":"https:\/\/eurotrade.hu\/sk\/wp-json\/wp\/v2\/media?parent=16439"}],"wp:term":[{"taxonomy":"product_cat","embeddable":true,"href":"https:\/\/eurotrade.hu\/sk\/wp-json\/wp\/v2\/product_cat?post=16439"},{"taxonomy":"product_tag","embeddable":true,"href":"https:\/\/eurotrade.hu\/sk\/wp-json\/wp\/v2\/product_tag?post=16439"}],"curies":[{"name":"wp","href":"https:\/\/api.w.org\/{rel}","templated":true}]}}