{"id":25615,"date":"2026-04-23T22:02:12","date_gmt":"2026-04-23T22:02:12","guid":{"rendered":"https:\/\/eurotrade.hu\/jarmuvek\/iveco-s-way-ad260s40y-ps\/"},"modified":"2026-04-23T22:02:12","modified_gmt":"2026-04-23T22:02:12","slug":"iveco-s-way-ad260s40y-ps","status":"publish","type":"product","link":"https:\/\/eurotrade.hu\/sk\/jarmuvek\/iveco-s-way-ad260s40y-ps\/","title":{"rendered":"IVECO &#8211; S-WAY AD260S40Y\/PS"},"content":{"rendered":"<p>06821 &#8211; KEZEL\u0150SZERV H\u00c1TS\u00d3 FELL\u00c9P\u0150N<br \/>\n02576 &#8211; 220 AH AKKUMUL\u00c1TOR<br \/>\n07368 &#8211; TENGELYTERHEL\u00c9S 8000 &#8211; 12000 &#8211; 8000 KG<br \/>\n78513 &#8211; RSU EL\u0150K\u00c9SZ\u00cdT\u00c9S<br \/>\n04544 &#8211; T\u0170ZOLT\u00d3 K\u00c9SZ\u00dcL\u00c9K TART\u00d3<br \/>\n02548 &#8211; OLDALS\u00d3 MARKER VIL\u00c1G\u00cdT\u00c1S<br \/>\n07306 &#8211; TENGELYTERHEL\u00c9SI MUTAT\u00d3<br \/>\n01610 &#8211; K\u00d6ZPONTI \u00dcL\u00c9S<br \/>\n06620 &#8211; SZ\u00d6VET K\u00c1RPITOZOTT, L\u00c9GRUG\u00d3S FELF\u00dcGGESZT\u00c9S\u0170, F\u0170T\u00d6TT VEZET\u0150\u00dcL\u00c9S GERINCT\u00c1MASSZAL<br \/>\n00553 &#8211; F\u00c9NYSZ\u00d3R\u00d3V\u00c9D\u0150 R\u00c1CS<br \/>\n72546 &#8211; HIBRID ELS\u0150 L\u00d6KH\u00c1R\u00cdT\u00d3<br \/>\n72101 &#8211; S\u00c1RGA VILLOG\u00d3 TET\u0150N<br \/>\n00744 &#8211; F\u00dcLKE H\u00c1TS\u00d3 ABLAKOK<br \/>\n00632 &#8211; K\u00dcLS\u0150 NAPELLENZ\u0150 &#8211; F\u00dcSTSZ\u00cdN\u0170 PLEXI<br \/>\n06366 &#8211; MOTOR PTO &#8211; SZIVATTY\u00daS<br \/>\n01483 &#8211; PTO MELL\u00c9KHAJT\u00c1S EL\u0150K\u00c9SZ\u00cdT\u00c9S A F\u00dcLK\u00c9BEN<br \/>\n07228 &#8211; 390L ALUM\u00cdNIUM \u00dcZEMANYAG TART\u00c1LY A BALOLDALON<br \/>\n00384 &#8211; CAN OPEN INTERF\u00c9SZ (PTO-HOZ)\t\t<\/p>\n<p>Fel\u00e9p\u00edtm\u00e9ny:<br \/>\nGy\u00e1rtm\u00e1ny: N\/A Anyaga:N\/A<\/p>\n","protected":false},"excerpt":{"rendered":"<p>\u00a0<\/p>\n","protected":false},"featured_media":25616,"template":"","meta":{"_acf_changed":false},"product_cat":[55],"product_tag":[],"class_list":{"0":"post-25615","1":"product","2":"type-product","3":"status-publish","4":"has-post-thumbnail","6":"product_cat-tgk-7-5-tonna-folott","7":"pa_allapot-uj-jarmu","8":"pa_e-misszios-norma-euro-vi","9":"pa_ertekesitesi-kategoria-iveco-uj","10":"pa_felepitmeny-jarokepes-alvaz","11":"pa_gyarto-iveco","12":"pa_sebesseg-valto-automata","13":"pa_statusz-n-a","14":"pa_szin-feher","15":"pa_tarolasi-hely-m1tc","16":"pa_tulajdonviszony-eurotrade-sajat","17":"pa_uzemanyag-diesel","19":"first","20":"instock","21":"purchasable","22":"product-type-simple"},"acf":[],"_links":{"self":[{"href":"https:\/\/eurotrade.hu\/sk\/wp-json\/wp\/v2\/product\/25615"}],"collection":[{"href":"https:\/\/eurotrade.hu\/sk\/wp-json\/wp\/v2\/product"}],"about":[{"href":"https:\/\/eurotrade.hu\/sk\/wp-json\/wp\/v2\/types\/product"}],"wp:featuredmedia":[{"embeddable":true,"href":"https:\/\/eurotrade.hu\/sk\/wp-json\/wp\/v2\/media\/25616"}],"wp:attachment":[{"href":"https:\/\/eurotrade.hu\/sk\/wp-json\/wp\/v2\/media?parent=25615"}],"wp:term":[{"taxonomy":"product_cat","embeddable":true,"href":"https:\/\/eurotrade.hu\/sk\/wp-json\/wp\/v2\/product_cat?post=25615"},{"taxonomy":"product_tag","embeddable":true,"href":"https:\/\/eurotrade.hu\/sk\/wp-json\/wp\/v2\/product_tag?post=25615"}],"curies":[{"name":"wp","href":"https:\/\/api.w.org\/{rel}","templated":true}]}}