{"id":31713,"date":"2026-04-23T22:02:18","date_gmt":"2026-04-23T22:02:18","guid":{"rendered":"https:\/\/eurotrade.hu\/jarmuvek\/wielton-forgozsamolyos-2\/"},"modified":"2026-04-23T22:02:18","modified_gmt":"2026-04-23T22:02:18","slug":"wielton-forgozsamolyos-2","status":"publish","type":"product","link":"https:\/\/eurotrade.hu\/sk\/jarmuvek\/wielton-forgozsamolyos-2\/","title":{"rendered":"WIELTON &#8211; FORG\u00d3ZS\u00c1MOLYOS"},"content":{"rendered":"<p>G\u00f6rg\u00f6s kont\u00e9nersz\u00e1ll\u00edt\u00f3 slider-el,  SAF, P\u00f3tker\u00e9k<\/p>\n","protected":false},"excerpt":{"rendered":"<p>G\u00d6RG\u0150S KONT\u00c9NERSZ\u00c1LL\u00cdT\u00d3 Slider\u00a0<\/p>\n","protected":false},"featured_media":34692,"template":"","meta":{"_acf_changed":false},"product_cat":[28],"product_tag":[],"class_list":{"0":"post-31713","1":"product","2":"type-product","3":"status-publish","4":"has-post-thumbnail","6":"product_cat-potkocsi","7":"pa_allapot-uj-jarmu","8":"pa_ertekesitesi-kategoria-wielton-uj","9":"pa_felepitmeny-kontener-szallito","10":"pa_gyarto-wielton","11":"pa_sebesseg-valto-n-a","12":"pa_statusz-atvettszallitotol","13":"pa_szin-szurke","14":"pa_tarolasi-hely-m1tc","15":"pa_tulajdonviszony-eurotrade-sajat","16":"pa_uzemanyag-n-a","18":"first","19":"instock","20":"purchasable","21":"product-type-simple"},"acf":[],"_links":{"self":[{"href":"https:\/\/eurotrade.hu\/sk\/wp-json\/wp\/v2\/product\/31713"}],"collection":[{"href":"https:\/\/eurotrade.hu\/sk\/wp-json\/wp\/v2\/product"}],"about":[{"href":"https:\/\/eurotrade.hu\/sk\/wp-json\/wp\/v2\/types\/product"}],"wp:featuredmedia":[{"embeddable":true,"href":"https:\/\/eurotrade.hu\/sk\/wp-json\/wp\/v2\/media\/34692"}],"wp:attachment":[{"href":"https:\/\/eurotrade.hu\/sk\/wp-json\/wp\/v2\/media?parent=31713"}],"wp:term":[{"taxonomy":"product_cat","embeddable":true,"href":"https:\/\/eurotrade.hu\/sk\/wp-json\/wp\/v2\/product_cat?post=31713"},{"taxonomy":"product_tag","embeddable":true,"href":"https:\/\/eurotrade.hu\/sk\/wp-json\/wp\/v2\/product_tag?post=31713"}],"curies":[{"name":"wp","href":"https:\/\/api.w.org\/{rel}","templated":true}]}}