{"id":34430,"date":"2026-04-23T10:00:25","date_gmt":"2026-04-23T10:00:25","guid":{"rendered":"https:\/\/eurotrade.hu\/jarmuvek\/byd-k9ub-dw-elektromos-busz-m3-1\/"},"modified":"2026-04-23T10:00:26","modified_gmt":"2026-04-23T10:00:26","slug":"byd-k9ub-dw-elektromos-busz-m3-1","status":"publish","type":"product","link":"https:\/\/eurotrade.hu\/sk\/jarmuvek\/byd-k9ub-dw-elektromos-busz-m3-1\/","title":{"rendered":"BYD &#8211; K9UB-DW elektromos busz (M3\/1)"},"content":{"rendered":"<p>K\u00e9szletr\u0151l azonnal \u00e1tvehet\u0151 v\u00e1rosi-el\u0151v\u00e1rosi busz.<\/p>\n","protected":false},"excerpt":{"rendered":"<p>2 tengelyes M3\/I. \u00faj elektromos aut\u00f3busz\u00a0<\/p>\n","protected":false},"featured_media":34431,"template":"","meta":{"_acf_changed":false},"product_cat":[21],"product_tag":[],"class_list":{"0":"post-34430","1":"product","2":"type-product","3":"status-publish","4":"has-post-thumbnail","6":"product_cat-busz","7":"pa_allapot-uj-jarmu","8":"pa_ertekesitesi-kategoria-egyeb-uj","9":"pa_felepitmeny-n-a","10":"pa_gyarto-byd","11":"pa_sebesseg-valto-n-a","12":"pa_statusz-szamlazottbejovo","13":"pa_szin-feher","14":"pa_tarolasi-hely-m1tc","15":"pa_tulajdonviszony-eurotrade-sajat","16":"pa_uzemanyag-elektromos","18":"first","19":"instock","20":"purchasable","21":"product-type-simple"},"acf":[],"_links":{"self":[{"href":"https:\/\/eurotrade.hu\/sk\/wp-json\/wp\/v2\/product\/34430"}],"collection":[{"href":"https:\/\/eurotrade.hu\/sk\/wp-json\/wp\/v2\/product"}],"about":[{"href":"https:\/\/eurotrade.hu\/sk\/wp-json\/wp\/v2\/types\/product"}],"wp:featuredmedia":[{"embeddable":true,"href":"https:\/\/eurotrade.hu\/sk\/wp-json\/wp\/v2\/media\/34431"}],"wp:attachment":[{"href":"https:\/\/eurotrade.hu\/sk\/wp-json\/wp\/v2\/media?parent=34430"}],"wp:term":[{"taxonomy":"product_cat","embeddable":true,"href":"https:\/\/eurotrade.hu\/sk\/wp-json\/wp\/v2\/product_cat?post=34430"},{"taxonomy":"product_tag","embeddable":true,"href":"https:\/\/eurotrade.hu\/sk\/wp-json\/wp\/v2\/product_tag?post=34430"}],"curies":[{"name":"wp","href":"https:\/\/api.w.org\/{rel}","templated":true}]}}