{"id":34685,"date":"2026-04-09T10:02:16","date_gmt":"2026-04-09T10:02:16","guid":{"rendered":"https:\/\/eurotrade.hu\/jarmuvek\/iveco-daily-35s16a8-v\/"},"modified":"2026-04-09T10:02:17","modified_gmt":"2026-04-09T10:02:17","slug":"iveco-daily-35s16a8-v","status":"publish","type":"product","link":"https:\/\/eurotrade.hu\/sk\/jarmuvek\/iveco-daily-35s16a8-v\/","title":{"rendered":"IVECO &#8211; DAILY 35S16A8 V"},"content":{"rendered":"<p>Teszt j\u00e1rm\u0171, aktu\u00e1lis km fut\u00e1ssal kapcsolatban, k\u00e9rj\u00fck \u00e9rdekl\u0151dj\u00f6n \u00e9rt\u00e9kes\u00edt\u0151inkn\u00e9l.<br \/>\nCsomagok<br \/>\nSTYLE 3,5S<br \/>\n02308\tALUM\u00cdNIUM KER\u00c9KT\u00c1RCS\u00c1K<br \/>\n79336\tELS\u0150 H\u0170T\u0150R\u00c1CS KR\u00d3M BET\u00c9TEKKEL<br \/>\n02443\tB\u0150R KORM\u00c1NYKER\u00c9K<br \/>\n72625\tLED F\u00c9NYSZ\u00d3R\u00d3K<br \/>\n01553\tGUNMETAL EXTERNAL IVECO BADGING<br \/>\nDRIVING ASSISTANT<br \/>\n02443\tB\u0150R KORM\u00c1NYKER\u00c9K<br \/>\n00890\tACC with STOP&amp;GO<br \/>\n01701\tADVANCED LANE CENTERING<br \/>\n01708\tTRAFFIC JAM ASSIST (TJA)<br \/>\n04383\tELEKTROMOS K\u00c9ZIF\u00c9K<br \/>\nCOMFORT  PLUS<br \/>\n07196\t170 CC L\u00c9GKOND\u00cdCION\u00c1L\u00d3 KOMPRESSZOR<br \/>\n79297\tTEXTIL BEVONAT\u00da FEJT\u00c1ML\u00c1K<br \/>\n00259\tDRIVER SUSPENDED COMFORT SEAT (WITH ARMREST AND LUMBAR ADJUSTMENT)<br \/>\n75082\tDUPLA \u00dcL\u00c9SPAD 3 PONTOS BIZTONS\u00c1GI \u00d6VEKKEL \u00c9S ASZTALLAL<br \/>\n06650\tAUTOMATA L\u00c9GKOND\u00cdCION\u00c1L\u00d3<br \/>\n01605\tINFOTAINMENT 10 INCHES + NAVIGATION<br \/>\n01611\tUSB MODULE DRIVER AND PASSENGER SIDE<br \/>\n06555\tK\u00d6DL\u00c1MP\u00c1K<br \/>\nKiv\u00e1lasztott opci\u00f3k<br \/>\n05407\tDOH\u00c1NYZ\u00d3 CSOMAG<br \/>\n01710\tREAR CROSS TRAFFIC ASSIST WITH BRAKING (RCTB)<br \/>\n00726\tALV\u00c1Z ALATTI P\u00d3TKER\u00c9KTART\u00d3<br \/>\n01620\tSPARE WHEEL + INFLATION KIT<br \/>\n08628\tSZ\u00c9LV\u00c9D\u0150 FELETTI RAKOD\u00d3POLC + 4 DINES REKESZ<br \/>\n08623\tPARABOLIKUS RUG\u00d3Z\u00c1S CS\u00d6KKENTETT RUGALMASS\u00c1GGAL<br \/>\n01565\tFUEL TANK 86L<br \/>\n02948\tOLDALS\u00d3 BURKOLAT TELJES MAGASS\u00c1GBAN<br \/>\n72811\tESP &amp; CROSSWIND RENDSZER<br \/>\n01703\tAEBS + CITY BRAKE + TURN ASSIST<br \/>\n00676\tREVERSE CAMERA WITH DYNAMIC GUIDELINES<br \/>\n08650\t3. F\u00c9KL\u00c1MPA \u00c9S SPOT L\u00c1MPA<br \/>\n01717\tLOAD COMPARTMENT LIGHTS (3 LED SPOTS)<br \/>\n01705\tBLIND SPOT ASSIST LEFT AND RIGHT + DOOR OPENING WARNING<br \/>\n05925\tKIEG\u00c9SZ\u00cdT\u0150 SEBESS\u00c9GSZAB\u00c1LYZ\u00c1S<br \/>\n05534\tELS\u0150SEG\u00c9LY DOBOZ<br \/>\n06767\t270 FOKBAN NYITHAT\u00d3 H\u00c1TS\u00d3 AJT\u00d3K<br \/>\n01937\tSTORAGE BOX WITH CHARGING PLUG<br \/>\n06724\tSPECI\u00c1LIS MEGER\u0150S\u00cdT\u00c9SEK<br \/>\n02949\tFA PADL\u00d3 \u00c9S ALUM\u00cdNIUM KER\u00c9K\u00cdV BURKOLAT<br \/>\n20532\tGUMIABRONCS 225\/65R16 ECO<br \/>\n30551       Magyar kezel\u00e9si<\/p>\n<p>A legmegb\u00edzhat\u00f3bb kishaszonj\u00e1rm\u0171 motorral.<br \/>\nAz \u00e1r 400 Ft\/ \u20ac \u00e1rfolyamon megadva, \u00e1rfolyamv\u00e1ltoz\u00e1s eset\u00e9n az \u00e1r v\u00e1ltozhat.<\/p>\n","protected":false},"excerpt":{"rendered":"<p>12 m3 MY24 Demo\u00a0<\/p>\n","protected":false},"featured_media":34686,"template":"","meta":{"_acf_changed":false},"product_cat":[58],"product_tag":[],"class_list":{"0":"post-34685","1":"product","2":"type-product","3":"status-publish","4":"has-post-thumbnail","6":"product_cat-tgk-7-5-tonna-alatt","7":"pa_allapot-uj-jarmu","8":"pa_e-misszios-norma-euro-vi","9":"pa_ertekesitesi-kategoria-iveco-uj","10":"pa_felepitmeny-furgon","11":"pa_gyarto-iveco","12":"pa_hajtaskeplet-4x2","13":"pa_sebesseg-valto-automata","14":"pa_statusz-szamlazottbejovo","15":"pa_szin-zold","16":"pa_tarolasi-hely-m1tc","17":"pa_tulajdonviszony-eurotrade-sajat","18":"pa_uzemanyag-diesel","20":"first","21":"instock","22":"purchasable","23":"product-type-simple"},"acf":[],"_links":{"self":[{"href":"https:\/\/eurotrade.hu\/sk\/wp-json\/wp\/v2\/product\/34685"}],"collection":[{"href":"https:\/\/eurotrade.hu\/sk\/wp-json\/wp\/v2\/product"}],"about":[{"href":"https:\/\/eurotrade.hu\/sk\/wp-json\/wp\/v2\/types\/product"}],"wp:featuredmedia":[{"embeddable":true,"href":"https:\/\/eurotrade.hu\/sk\/wp-json\/wp\/v2\/media\/34686"}],"wp:attachment":[{"href":"https:\/\/eurotrade.hu\/sk\/wp-json\/wp\/v2\/media?parent=34685"}],"wp:term":[{"taxonomy":"product_cat","embeddable":true,"href":"https:\/\/eurotrade.hu\/sk\/wp-json\/wp\/v2\/product_cat?post=34685"},{"taxonomy":"product_tag","embeddable":true,"href":"https:\/\/eurotrade.hu\/sk\/wp-json\/wp\/v2\/product_tag?post=34685"}],"curies":[{"name":"wp","href":"https:\/\/api.w.org\/{rel}","templated":true}]}}