{"id":35326,"date":"2026-05-14T22:02:35","date_gmt":"2026-05-14T22:02:35","guid":{"rendered":"https:\/\/eurotrade.hu\/jarmuvek\/iveco-s-way-as440s50t-p\/"},"modified":"2026-05-14T22:02:36","modified_gmt":"2026-05-14T22:02:36","slug":"iveco-s-way-as440s50t-p","status":"publish","type":"product","link":"https:\/\/eurotrade.hu\/sk\/jarmuvek\/iveco-s-way-as440s50t-p\/","title":{"rendered":"IVECO &#8211; S-WAY AS440S50T\/P"},"content":{"rendered":"<p>LIVING COMFORT PLUS<br \/>\n72525\tLEHAJTHAT\u00d3 UTASOLDALI ASZTAL<br \/>\n01743\tKOMFORT FELS\u0150 FEKHELY<br \/>\n04047\tDUPLA F\u00dcLKE ALATTI T\u00c1ROL\u00d3 &#8211; JOBB \u00c9S BAL OLDALON<br \/>\n06616\tFORGATHAT\u00d3 UTAS\u00dcL\u00c9S &#8211; SZ\u00d6VET K\u00c1RPITOZOTT, L\u00c9GRUG\u00d3S, F\u0170T\u00d6TT, F\u00dcGG\u0150LEGESEN \u00c1LL\u00cdTHAT\u00d3, KART\u00c1MASZ A JOBB \u00c9S BAL OLDALON, \u00dcL\u00c9SP\u00c1RNA HOSSZABB\u00cdT\u00c1S, GERINCT\u00c1MASZ, PNEUMATIKUS LENG\u00c9SCSILLAP\u00cdT\u00d3<br \/>\n72536\tF\u00dcGGETLEN F\u00dcLKE F\u0170T\u00c9S (4kW)<br \/>\n72538\tPR\u00c9MIUM H\u0170T\u0150G\u00c9P \u00c9S FAGYASZT\u00d3 &#8211; CS\u00daSZTATHAT\u00d3, H\u0170T\u0150DOBOZ, FELS\u0150 NYIT\u00c1S, KI\/BE KAPCSOL\u00c1S, H\u0150FOK SZAB\u00c1LYOZ\u00c1S, BELS\u0150 VIL\u00c1G\u00cdT\u00c1S, ELV\u00c1LASZT\u00d3 ELEMEK, USB CSATLAKOZ\u00d3, 230V CSATLAKOZ\u00c1S, SZIGETELT FALAK<br \/>\n72527\t\u00c9JSZAKAI BIZTONS\u00c1GI Z\u00c1R<br \/>\n72578\tAUTOMATA L\u00c9GKOND\u00cdCION\u00c1L\u00d3, BE\u00c9P\u00cdTETT \u00c1LL\u00d3HELYI H\u0170T\u00c9S (AS TET\u0150VEL)<br \/>\n72251\t\u00c1GYF\u00dcGG\u00d6NY<br \/>\n72542\tF\u00dcLKE HANGULAT VIL\u00c1G\u00cdT\u00c1S<br \/>\nKIV\u00c1LASZTOTT FELSZERELTS\u00c9G<br \/>\n02270\t220 AH NAGYTELJES\u00cdTM\u00c9NY\u0170 AKKUMUL\u00c1TOR<br \/>\n08377\tDUPLA MAGASS\u00c1G EL\u0150K\u00c9SZ\u00cdT\u00c9S N\u00c9LK\u00dcLI KIVITEL<br \/>\n07306\tTENGELYTERHEL\u00c9SI MUTAT\u00d3<br \/>\n75181\tTOLAT\u00d3 HANGJELZ\u00c9S K\u00c9ZI VEZ\u00c9RL\u00c9SSEL<br \/>\n05629\tNAPELLENZ\u0150 ROL\u00d3K AZ OLDALABLAKOKON<br \/>\n72270\tPR\u00c9MIUM ALS\u00d3 FEKHELY<br \/>\n78563\tL\u00c9GK\u00dcRT AZ ALV\u00c1ZRA SZERELVE<br \/>\n02759\tL\u00c9GRUG\u00d3S F\u00dcLKE FELF\u00dcGGESZT\u00c9S<br \/>\n00632\tK\u00dcLS\u0150 NAPELLENZ\u0150 &#8211; F\u00dcSTSZ\u00cdN\u0170 PLEXI<br \/>\n02326\tSZ\u00cdNEZETT L\u00d6KH\u00c1R\u00cdT\u00d3K \/ SZ\u00c1RNYAK<br \/>\n00367\tGUMIABRONCS FELF\u00daJ\u00d3<br \/>\n01483\tPTO MELL\u00c9KHAJT\u00c1S EL\u0150K\u00c9SZ\u00cdT\u00c9S A F\u00dcLK\u00c9BEN<br \/>\n78507\tROCKING FUNKCI\u00d3<br \/>\n07807\tJOST T\u00cdPUS\u00da NYEREG (GY\u00c1RT\u00d3 SPECIFIKUS)<br \/>\n07229\t930 L (640 JOBB + 290 BAL) ALUM\u00cdNIUM \u00dcZEMANYAG TART\u00c1LY<br \/>\n07830\t150 MM MAGAS NYEREG + 12MM NYEREGLEMEZ (\u00d6NT\u00d6TT VAS)<br \/>\n05680\t135 L ADBLUE TART\u00c1LY<br \/>\n01934\tECO-NORMAL-PERFORMANCE M\u00d3D<br \/>\n72255\tSEBESS\u00c9GSZAB\u00c1LYZ\u00c1S TEMPOMATON<br \/>\n04572\tEXPANZI\u00d3S MODUL MELL\u00c9KHAJT\u00c1SHOZ<br \/>\n08288\tTOLL COLLECT EL\u0150K\u00c9SZ\u00cdT\u00c9S N\u00c9LK\u00dcLI KIVITEL<\/p>\n","protected":false},"excerpt":{"rendered":"<p>\u00a0<\/p>\n","protected":false},"featured_media":35327,"template":"","meta":{"_acf_changed":false},"product_cat":[25],"product_tag":[],"class_list":{"0":"post-35326","1":"product","2":"type-product","3":"status-publish","4":"has-post-thumbnail","6":"product_cat-nyergesvontato","7":"pa_allapot-uj-jarmu","8":"pa_e-misszios-norma-euro-vi","9":"pa_ertekesitesi-kategoria-iveco-uj","10":"pa_felepitmeny-normal-kapcs","11":"pa_gyarto-iveco","12":"pa_hajtaskeplet-4x2","13":"pa_sebesseg-valto-automata","14":"pa_statusz-szamlazottbejovo","15":"pa_szin-feher","16":"pa_tarolasi-hely-m1tc","17":"pa_tulajdonviszony-eurotrade-sajat","18":"pa_uzemanyag-diesel","20":"first","21":"instock","22":"purchasable","23":"product-type-simple"},"acf":[],"_links":{"self":[{"href":"https:\/\/eurotrade.hu\/sk\/wp-json\/wp\/v2\/product\/35326"}],"collection":[{"href":"https:\/\/eurotrade.hu\/sk\/wp-json\/wp\/v2\/product"}],"about":[{"href":"https:\/\/eurotrade.hu\/sk\/wp-json\/wp\/v2\/types\/product"}],"wp:featuredmedia":[{"embeddable":true,"href":"https:\/\/eurotrade.hu\/sk\/wp-json\/wp\/v2\/media\/35327"}],"wp:attachment":[{"href":"https:\/\/eurotrade.hu\/sk\/wp-json\/wp\/v2\/media?parent=35326"}],"wp:term":[{"taxonomy":"product_cat","embeddable":true,"href":"https:\/\/eurotrade.hu\/sk\/wp-json\/wp\/v2\/product_cat?post=35326"},{"taxonomy":"product_tag","embeddable":true,"href":"https:\/\/eurotrade.hu\/sk\/wp-json\/wp\/v2\/product_tag?post=35326"}],"curies":[{"name":"wp","href":"https:\/\/api.w.org\/{rel}","templated":true}]}}